{"id":932,"date":"2023-08-23T00:05:04","date_gmt":"2023-08-22T22:05:04","guid":{"rendered":"https:\/\/karstwehr-versand.de\/?post_type=product&#038;p=932"},"modified":"2025-10-15T12:31:08","modified_gmt":"2025-10-15T10:31:08","slug":"von-der-bekennenden-kirche-zum-hilfskreuzermatrosen-auf-den-weltmeeren","status":"publish","type":"product","link":"https:\/\/zeitzeugen-versand.de\/en\/product\/von-der-bekennenden-kirche-zum-hilfskreuzermatrosen-auf-den-weltmeeren\/","title":{"rendered":"Von der Bekennenden Kirche zum Hilfskreuzermatrosen auf den Weltmeeren (only in german)"},"content":{"rendered":"<p style=\"text-align: center;\"><strong>Von der Bekennenden Kirche zum Hilfskreuzermatrosen auf den Weltmeeren (only in german)<\/strong><\/p>\n<p style=\"text-align: center;\">G\u00fcnther Polzin, aufgeschrieben von Adrian Matthes<\/p>\n<p style=\"text-align: center;\">Im 104. Lebensjahr erz\u00e4hlt der ehemalige Obersteuermann G\u00fcnther Polzin aus seiner bewegten Jugendzeit. 1938 erreichte ihn der Stellungsbefehl der Wehrmacht und ab 1940 diente er an einem Gesch\u00fctz an Bord der &#8222;Kormoran&#8220;, dem Hilfskreuzer, der nach einer nervenaufreibenden Kaperfahrt vor Australien den Kreuzer &#8222;Sydney&#8220; versenkte. \u00a0Nach \u00c4quatortaufe, Haiangeln und dem Aufbringen von sechs Schiffen ging es schlie\u00dflich als Prisenkommando eines geenterten kanadischen Tankschiffes zur\u00fcck in die Heimat. Die &#8222;Kormoran&#8220; sah er nie wieder, 2008 fand man das Wrack in 2500 Metern Tiefe im indischen Ozean. F\u00fcr Polzin folgten Fahrten auf Minenschiffen und einem Panzerkreuzer aus dem Ersten Weltkrieg, welche allesamt bis Kriegsende verloren gingen. Mehrmals kam er dabei nur knapp mit dem Leben davon und bei einem Torpedotreffer vor Toulon wurde er schwer verwundet. Obwohl mehrfach ausgezeichnet trug Polzin seine Orden nicht mit Stolz und war ein Soldat, der keiner sein wollte. Als einer der wenigen seines Jahrgangs f\u00fcgte er sich nicht in das System der damaligen Zeit ein und kann heute aus der Perspektive eines Gegners spannende Einblicke in die oppositionelle evangelische Jugendarbeit im Berlin der 30er Jahre sowie die Bekennende Kirche geben.<\/p>\n<p style=\"text-align: center;\">155 Seiten mit 74 teils nachkolorierten Aufnahmen und zahlreichen unver\u00f6ffentlichte Fotografien vom Bordleben auf der \u201eKormoran\u201c.<\/p>\n<p style=\"text-align: center;\">Sprache: Deutsch<\/p>\n<p style=\"text-align: center;\">Language: German<\/p>","protected":false},"excerpt":{"rendered":"<p>Von der Bekennenden Kirche zum Hilfskreuzermatrosen auf den Weltmeeren G\u00fcnther Polzin, aufgeschrieben von Adrian Matthes Im 104. Lebensjahr erz\u00e4hlt der ehemalige Obersteuermann G\u00fcnther Polzin aus seiner bewegten Jugendzeit. 1938 erreichte ihn der Stellungsbefehl der Wehrmacht und ab 1940 diente er an einem Gesch\u00fctz an Bord der &#8222;Kormoran&#8220;, dem Hilfskreuzer, der nach einer nervenaufreibenden Kaperfahrt vor [&hellip;]<\/p>","protected":false},"featured_media":933,"template":"","meta":{"_coblocks_attr":"","_coblocks_dimensions":"","_coblocks_responsive_height":"","_coblocks_accordion_ie_support":""},"product_brand":[],"product_cat":[17],"product_tag":[],"class_list":{"0":"post-932","1":"product","2":"type-product","3":"status-publish","4":"has-post-thumbnail","6":"product_cat-erlebnisberichte","7":"post-item","9":"first","10":"instock","11":"taxable","12":"shipping-taxable","13":"purchasable","14":"product-type-variable"},"jetpack_sharing_enabled":true,"_links":{"self":[{"href":"https:\/\/zeitzeugen-versand.de\/en\/wp-json\/wp\/v2\/product\/932","targetHints":{"allow":["GET"]}}],"collection":[{"href":"https:\/\/zeitzeugen-versand.de\/en\/wp-json\/wp\/v2\/product"}],"about":[{"href":"https:\/\/zeitzeugen-versand.de\/en\/wp-json\/wp\/v2\/types\/product"}],"wp:featuredmedia":[{"embeddable":true,"href":"https:\/\/zeitzeugen-versand.de\/en\/wp-json\/wp\/v2\/media\/933"}],"wp:attachment":[{"href":"https:\/\/zeitzeugen-versand.de\/en\/wp-json\/wp\/v2\/media?parent=932"}],"wp:term":[{"taxonomy":"product_brand","embeddable":true,"href":"https:\/\/zeitzeugen-versand.de\/en\/wp-json\/wp\/v2\/product_brand?post=932"},{"taxonomy":"product_cat","embeddable":true,"href":"https:\/\/zeitzeugen-versand.de\/en\/wp-json\/wp\/v2\/product_cat?post=932"},{"taxonomy":"product_tag","embeddable":true,"href":"https:\/\/zeitzeugen-versand.de\/en\/wp-json\/wp\/v2\/product_tag?post=932"}],"curies":[{"name":"wp","href":"https:\/\/api.w.org\/{rel}","templated":true}]}}