{"id":8739,"date":"2026-02-16T16:15:22","date_gmt":"2026-02-16T15:15:22","guid":{"rendered":"https:\/\/zeitzeugen-versand.de\/?post_type=product&#038;p=8739"},"modified":"2026-02-16T16:29:32","modified_gmt":"2026-02-16T15:29:32","slug":"achtung-frontueberflug","status":"publish","type":"product","link":"https:\/\/zeitzeugen-versand.de\/en\/product\/achtung-frontueberflug\/","title":{"rendered":"&#8222;Achtung Front\u00fcberflug!&#8220;"},"content":{"rendered":"<p style=\"text-align: center;\"><strong>&#8222;Achtung Front\u00fcberflug!&#8220;<\/strong><\/p>\n<p style=\"text-align: center;\"><strong>Als Bordfunker im Kampfgeschwader 55 &#8222;Greif&#8220;<\/strong><\/p>\n<p style=\"text-align: center;\">Heinz Goertzen, aufgeschrieben von Adrian Matthes<\/p>\n<p style=\"text-align: center;\">Heinz Goertzen wuchs in Westpreu\u00dfen auf und kann heute als Jahrhundertzeitzeuge aus seiner Jugendzeit berichten. Dem Abitur folgte nicht das angestrebte Flugzeugbau-Studium, sondern die Einberufung zum Reichsarbeitsdienst und schlie\u00dflich zur Luftwaffe. Statt im H\u00f6rsaal fand sich Goertzen als Bordfunker einer Heinkel 111 am Himmel \u00fcber der Ostfront wieder. Auf 174 Feindfl\u00fcgen zun\u00e4chst im Gro\u00dfverband und sp\u00e4ter in Nachtfl\u00fcgen erlebte er Luftk\u00e4mpfe und wurde selbst abgeschossen. Mit dem Eisernen Kreuz I. Klasse und dem Ehrenpokal ausgezeichnet endete 1944 die Kampffliegerei und das Kriegsende sah ihn im \u201eSonderkommando Elbe\u201c. In die Dienste der US-Streitkr\u00e4fte \u00fcbernommen erlebte er die Nachkriegszeit und fand schlie\u00dflich seine berufliche Laufbahn bei der Post.<\/p>\n<p style=\"text-align: center;\">256 Seiten, 137 teils farbige Abbildungen, A5, Hardcover, gebunden.<\/p>\n<p style=\"text-align: center;\"><strong>++ This book is in German! ++<\/strong><\/p>","protected":false},"excerpt":{"rendered":"<p>&#8222;Achtung Front\u00fcberflug!&#8220; Als Bordfunker im Kampfgeschwader 55 &#8222;Greif&#8220; Heinz Goertzen, aufgeschrieben von Adrian Matthes Heinz Goertzen wuchs in Westpreu\u00dfen auf und kann heute als Jahrhundertzeitzeuge aus seiner Jugendzeit berichten. Dem Abitur folgte nicht das angestrebte Flugzeugbau-Studium, sondern die Einberufung zum Reichsarbeitsdienst und schlie\u00dflich zur Luftwaffe. Statt im H\u00f6rsaal fand sich Goertzen als Bordfunker einer Heinkel [&hellip;]<\/p>","protected":false},"featured_media":8740,"template":"","meta":{"_coblocks_attr":"","_coblocks_dimensions":"","_coblocks_responsive_height":"","_coblocks_accordion_ie_support":""},"product_brand":[],"product_cat":[17],"product_tag":[],"class_list":{"0":"post-8739","1":"product","2":"type-product","3":"status-publish","4":"has-post-thumbnail","6":"product_cat-erlebnisberichte","7":"post-item","9":"first","10":"instock","11":"taxable","12":"shipping-taxable","13":"purchasable","14":"product-type-variable"},"jetpack_sharing_enabled":true,"_links":{"self":[{"href":"https:\/\/zeitzeugen-versand.de\/en\/wp-json\/wp\/v2\/product\/8739","targetHints":{"allow":["GET"]}}],"collection":[{"href":"https:\/\/zeitzeugen-versand.de\/en\/wp-json\/wp\/v2\/product"}],"about":[{"href":"https:\/\/zeitzeugen-versand.de\/en\/wp-json\/wp\/v2\/types\/product"}],"wp:featuredmedia":[{"embeddable":true,"href":"https:\/\/zeitzeugen-versand.de\/en\/wp-json\/wp\/v2\/media\/8740"}],"wp:attachment":[{"href":"https:\/\/zeitzeugen-versand.de\/en\/wp-json\/wp\/v2\/media?parent=8739"}],"wp:term":[{"taxonomy":"product_brand","embeddable":true,"href":"https:\/\/zeitzeugen-versand.de\/en\/wp-json\/wp\/v2\/product_brand?post=8739"},{"taxonomy":"product_cat","embeddable":true,"href":"https:\/\/zeitzeugen-versand.de\/en\/wp-json\/wp\/v2\/product_cat?post=8739"},{"taxonomy":"product_tag","embeddable":true,"href":"https:\/\/zeitzeugen-versand.de\/en\/wp-json\/wp\/v2\/product_tag?post=8739"}],"curies":[{"name":"wp","href":"https:\/\/api.w.org\/{rel}","templated":true}]}}