{"id":7420,"date":"2025-11-17T10:21:15","date_gmt":"2025-11-17T09:21:15","guid":{"rendered":"https:\/\/zeitzeugen-versand.de\/?post_type=product&#038;p=7420"},"modified":"2026-01-13T16:43:21","modified_gmt":"2026-01-13T15:43:21","slug":"kurze-jahre-einer-begeisterten-jugend","status":"publish","type":"product","link":"https:\/\/zeitzeugen-versand.de\/en\/product\/kurze-jahre-einer-begeisterten-jugend\/","title":{"rendered":"Kurze Jahre einer begeisterten Jugend (only in German)"},"content":{"rendered":"<p style=\"text-align: center;\"><strong>Kurze Jahre einer begeisterten Jugend (only in German)<\/strong><\/p>\n<p style=\"text-align: center;\"><strong>Von der Napola Backnang auf die Junkerschule Braunschweig<\/strong><\/p>\n<p style=\"text-align: center;\">Dr. Gerhard Femppel, aufgeschrieben von Adrian Matthes<\/p>\n<p>Gemessen an seinem Jahrgang kann Gerhard Femppel auf eine beispiellose Karriere im Dritten Reich zur\u00fcckblicken: Erst Napola-Sch\u00fcler, dann Freiwilliger der Waffen-SS und mit 19 Jahren Untersturmf\u00fchrer. Mit inzwischen 100 Lebensjahren gew\u00e4hrt er Einblick in seine Tageb\u00fccher, in denen er pr\u00e4zise, detailliert und ehrlich seit seinem 16. Lebensjahr das Erlebte und seine Gedanken dazu niedergeschrieben hat. Es ist die Geschichte eines Jugendlichen, die sich unter dem Eindruck einer Eliteerziehung und des Fronteinsatzes vollzog. Sie zeigt, in welcher Gedankenwelt und Lebensrealit\u00e4t man damals aufwachsen, denken und handeln konnte. Auf Grundlage von Tageb\u00fcchern, Briefen und erhalten gebliebenen Unterrichtsmaterialien wird das Wesen der schulischen Erziehung auf einer Nationalpolitischen Erziehungsanstalt und einer Junkerschule lebendig.<\/p>\n<p style=\"text-align: center;\">492 Seiten, 311 teils farbige Abbildungen, A5, Hardcover, gebunden.<\/p>\n<p>Hinweis: Es handelt sich nicht um Faksimile-Unterschriften. Herr Dr. Femppel hat sich viel M\u00fche gemacht seinen Lesern Autogrammkarten und B\u00fccher eigenh\u00e4ndig zu signieren. Sicherlich die letzte Chance eine solche Signatur zu bekommen. Ein Foto von ihm beim Unterschreiben finden Sie in der Produktgalerie. Die Unterschriften k\u00f6nnen voneinander leicht abweichen und entsprechen dem Schriftbild eines 100j\u00e4hrigen. Pers\u00f6nliche Widmungen sind aufgrund der Nachfrage und Logistik nicht m\u00f6glich. Die B\u00fccher, die auf der ersten Seite signiert werden, sind zus\u00e4tzlich mit dem originalen Poststempel von Jungmann Femppel, NPEA Backnang gestempelt.<\/p>\n<p>Dieses Buch beschreibt den Werdegang von Dr. Femppel bis auf die Junkerschule Braunschweig, welcher ebenfalls, jedoch deutlich knapper (70 Seiten), im bereits bestehenden Buch \u201eAls Untersturmf\u00fchrer bei den SS-Pionieren\u201c beschrieben ist.<\/p>\n<p style=\"text-align: center;\"><strong>++ This book is in German! ++<\/strong><\/p>","protected":false},"excerpt":{"rendered":"<p>Kurze Jahre einer begeisterten Jugend Von der Napola Backnang auf die Junkerschule Braunschweig Dr. Gerhard Femppel, aufgeschrieben von Adrian Matthes Gemessen an seinem Jahrgang kann Gerhard Femppel auf eine beispiellose Karriere im Dritten Reich zur\u00fcckblicken: Erst Napola-Sch\u00fcler, dann Freiwilliger der Waffen-SS und mit 19 Jahren Untersturmf\u00fchrer. Mit inzwischen 100 Lebensjahren gew\u00e4hrt er Einblick in seine [&hellip;]<\/p>","protected":false},"featured_media":7421,"template":"","meta":{"_coblocks_attr":"","_coblocks_dimensions":"","_coblocks_responsive_height":"","_coblocks_accordion_ie_support":""},"product_brand":[],"product_cat":[17],"product_tag":[],"class_list":{"0":"post-7420","1":"product","2":"type-product","3":"status-publish","4":"has-post-thumbnail","6":"product_cat-erlebnisberichte","7":"post-item","9":"first","10":"instock","11":"taxable","12":"shipping-taxable","13":"purchasable","14":"product-type-variable"},"jetpack_sharing_enabled":true,"_links":{"self":[{"href":"https:\/\/zeitzeugen-versand.de\/en\/wp-json\/wp\/v2\/product\/7420","targetHints":{"allow":["GET"]}}],"collection":[{"href":"https:\/\/zeitzeugen-versand.de\/en\/wp-json\/wp\/v2\/product"}],"about":[{"href":"https:\/\/zeitzeugen-versand.de\/en\/wp-json\/wp\/v2\/types\/product"}],"wp:featuredmedia":[{"embeddable":true,"href":"https:\/\/zeitzeugen-versand.de\/en\/wp-json\/wp\/v2\/media\/7421"}],"wp:attachment":[{"href":"https:\/\/zeitzeugen-versand.de\/en\/wp-json\/wp\/v2\/media?parent=7420"}],"wp:term":[{"taxonomy":"product_brand","embeddable":true,"href":"https:\/\/zeitzeugen-versand.de\/en\/wp-json\/wp\/v2\/product_brand?post=7420"},{"taxonomy":"product_cat","embeddable":true,"href":"https:\/\/zeitzeugen-versand.de\/en\/wp-json\/wp\/v2\/product_cat?post=7420"},{"taxonomy":"product_tag","embeddable":true,"href":"https:\/\/zeitzeugen-versand.de\/en\/wp-json\/wp\/v2\/product_tag?post=7420"}],"curies":[{"name":"wp","href":"https:\/\/api.w.org\/{rel}","templated":true}]}}