{"id":66,"date":"2022-06-20T16:06:34","date_gmt":"2022-06-20T14:06:34","guid":{"rendered":"https:\/\/karstwehr-versand.de\/?post_type=product&#038;p=66"},"modified":"2024-11-30T18:21:35","modified_gmt":"2024-11-30T17:21:35","slug":"im-sturzflug-auf-alexandria-hans-schneider","status":"publish","type":"product","link":"https:\/\/zeitzeugen-versand.de\/en\/product\/im-sturzflug-auf-alexandria-hans-schneider\/","title":{"rendered":"Im Sturzflug auf Alexandria (only in German)"},"content":{"rendered":"<h2 style=\"text-align: center;\"><strong>Im Sturzflug auf Alexandria (only in German)<\/strong><\/h2>\n<h3 style=\"text-align: center;\">Ein 100-J\u00e4hriger erz\u00e4hlt aus seiner Jugend<\/h3>\n<p style=\"text-align: center;\">Hans Schneider, aufgeschrieben von Adrian Matthes<\/p>\n<p style=\"text-align: center;\">++ this book is only in German ++\n1920 geboren meldete sich Hans Schneider 1940 freiwillig zur Luftwaffe. Nach der Ausbildung zum Bordfunker wurde er auf einer Ju-88 des Lehrgeschwaders 1 an der S\u00fcdfront eingesetzt. In Kreta und Afrika lernte er damals eine f\u00fcr ihn v\u00f6llig fremde Welt kennen. Seine Zeit dort z\u00e4hlte zu den gro\u00dfen Abenteuern seiner Jugend. Im Dezember 1942 wurde er \u00fcber Afrika abgeschossen und der Weg in eine lange Kriegsgefangenschaft begann. Noch heute berichtet er gerne, wenn auch manchmal etwas nachdenklich davon, als aus einem jungen Oberfranken ein Sturzkampfflieger wurde.<\/p>\n<p style=\"text-align: center;\">170 Seiten, 90 teils farbige Abbildungen, A5, Hardcover, gebunden.<\/p>\n<p style=\"text-align: center;\">Sprache: Deutsch<\/p>\n<p style=\"text-align: center;\">Language: German<\/p>","protected":false},"excerpt":{"rendered":"<p>Im Sturzflug auf Alexandria Ein 100-J\u00e4hriger erz\u00e4hlt aus seiner Jugend Hans Schneider, aufgeschrieben von Adrian Matthes 1920 geboren meldete sich Hans Schneider 1940 freiwillig zur Luftwaffe. Nach der Ausbildung zum Bordfunker wurde er auf einer Ju-88 des Lehrgeschwaders 1 an der S\u00fcdfront eingesetzt. In Kreta und Afrika lernte er damals eine f\u00fcr ihn v\u00f6llig fremde [&hellip;]<\/p>","protected":false},"featured_media":174,"template":"","meta":{"_coblocks_attr":"","_coblocks_dimensions":"","_coblocks_responsive_height":"","_coblocks_accordion_ie_support":""},"product_brand":[],"product_cat":[17],"product_tag":[],"class_list":{"0":"post-66","1":"product","2":"type-product","3":"status-publish","4":"has-post-thumbnail","6":"product_cat-erlebnisberichte","7":"product_shipping_class-normales-produkt","8":"post-item","10":"first","11":"instock","12":"taxable","13":"shipping-taxable","14":"purchasable","15":"product-type-simple"},"jetpack_sharing_enabled":true,"_links":{"self":[{"href":"https:\/\/zeitzeugen-versand.de\/en\/wp-json\/wp\/v2\/product\/66","targetHints":{"allow":["GET"]}}],"collection":[{"href":"https:\/\/zeitzeugen-versand.de\/en\/wp-json\/wp\/v2\/product"}],"about":[{"href":"https:\/\/zeitzeugen-versand.de\/en\/wp-json\/wp\/v2\/types\/product"}],"wp:featuredmedia":[{"embeddable":true,"href":"https:\/\/zeitzeugen-versand.de\/en\/wp-json\/wp\/v2\/media\/174"}],"wp:attachment":[{"href":"https:\/\/zeitzeugen-versand.de\/en\/wp-json\/wp\/v2\/media?parent=66"}],"wp:term":[{"taxonomy":"product_brand","embeddable":true,"href":"https:\/\/zeitzeugen-versand.de\/en\/wp-json\/wp\/v2\/product_brand?post=66"},{"taxonomy":"product_cat","embeddable":true,"href":"https:\/\/zeitzeugen-versand.de\/en\/wp-json\/wp\/v2\/product_cat?post=66"},{"taxonomy":"product_tag","embeddable":true,"href":"https:\/\/zeitzeugen-versand.de\/en\/wp-json\/wp\/v2\/product_tag?post=66"}],"curies":[{"name":"wp","href":"https:\/\/api.w.org\/{rel}","templated":true}]}}