{"id":617,"date":"2023-06-01T10:14:24","date_gmt":"2023-06-01T08:14:24","guid":{"rendered":"https:\/\/karstwehr-versand.de\/?post_type=product&#038;p=617"},"modified":"2024-04-09T19:53:54","modified_gmt":"2024-04-09T17:53:54","slug":"von-charkow-bis-anzio-nettuno","status":"publish","type":"product","link":"https:\/\/zeitzeugen-versand.de\/en\/product\/von-charkow-bis-anzio-nettuno\/","title":{"rendered":"Von Charkow bis Anzio Nettuno (only in german)"},"content":{"rendered":"<p style=\"text-align: center;\" align=\"center\"><strong>Von Charkow bis Anzio Nettuno (only in german)<\/strong><\/p>\n<p style=\"text-align: center;\" align=\"center\">++ this book is only in German ++<\/p>\n<p style=\"text-align: center;\" align=\"center\">Richard Kloes, bearbeitet von Adrian Matthes<\/p>\n<p style=\"text-align: center;\" align=\"center\">Dnjepropetrowsk, Charkow, Rom, Nettuno, Paris: Der Krieg f\u00fchrte ihn quer durch Europa. Mit Siebzehn meldete sich Richard Kloes freiwillig zur Luftwaffe, diente zun\u00e4chst in einer Nachschubabteilung an der Ostfront und nahm dem SS-Regiment &#8222;Deutschland&#8220; unterstellt an den K\u00e4mpfen um Charkow teil. \u00dcber Umwege wurde er zum Fallschirmj\u00e4ger ausgebildet und geh\u00f6rte fortan dem Zug &#8222;Leutnant Ehrlich&#8220; in der 4.Kompanie des Fallschirmj\u00e4gerregiment 7 an. Der Eliteverband wurde unter anderem mit dem FG 42 sowie durch Kettenkr\u00e4der gezogene LG-2 Raketengesch\u00fctze ausgestattet. 1943 wurde das Regiment erstmals in Italien eingesetzt und Kloes Bataillon befreite den gefangenen Duce in einer spektakul\u00e4ren Befreiungsaktion vom Gran Sasso. Es folgten Eins\u00e4tze zum K\u00fcstenschutz in Terracina und dem Landekopf Anzio Nettuno. 1944 wieder nach Frankreich verlegt griff das Regiment in die Schlacht um die Normandie ein und k\u00e4mpfte in den Stra\u00dfen von Paris gegen die Resistance. In Gefangenschaft geraten durchlebte Richard Kloes eine unmenschliche und grausame Behandlung hinter Stacheldraht aus der er sich erst nach \u00fcber einem Jahr mit einer abenteuerlichen Flucht befreien konnte.\u00a0 W\u00e4hrend des Krieges und in Gefangenschaft notierte Richard Kloes im Verborgenen seine Erlebnisse in Notizkalendern und Tageb\u00fcchern und begann bereits kurz nach der Heimkehr mit der Niederschrift. Heute, mit 99 Jahren, m\u00f6chte er seine Erinnerungen der jungen Generation \u00fcbergeben, als Augenzeugenbericht, Mahnung und in Erinnerung an Freunde und Kameraden, welche die Heimat nicht wiedersahen.<\/p>\n<p style=\"text-align: center;\" align=\"center\">336 Seiten, Hardcover, 103 Abbildungen (farbe), darunter zahlreiche unver\u00f6ffentliche Originalfotos und Dokumente.<\/p>\n<p style=\"text-align: center;\">Sprache: Deutsch<\/p>\n<p style=\"text-align: center;\">Language: German<\/p>","protected":false},"excerpt":{"rendered":"<p>Von Charkow bis Anzio Nettuno Ein Obergefreiter des Fallschirmj\u00e4ger-Lehr-Bataillons erinnert sich Richard Kloes, bearbeitet von Adrian Matthes Dnjepropetrowsk, Charkow, Rom, Nettuno, Paris: Der Krieg f\u00fchrte ihn quer durch Europa. Mit Siebzehn meldete sich Richard Kloes freiwillig zur Luftwaffe, diente zun\u00e4chst in einer Nachschubabteilung an der Ostfront und nahm dem SS-Regiment &#8222;Deutschland&#8220; unterstellt an den K\u00e4mpfen [&hellip;]<\/p>","protected":false},"featured_media":618,"template":"","meta":{"_coblocks_attr":"","_coblocks_dimensions":"","_coblocks_responsive_height":"","_coblocks_accordion_ie_support":""},"product_brand":[],"product_cat":[17],"product_tag":[],"class_list":{"0":"post-617","1":"product","2":"type-product","3":"status-publish","4":"has-post-thumbnail","6":"product_cat-erlebnisberichte","7":"product_shipping_class-normales-produkt","8":"post-item","10":"first","11":"instock","12":"taxable","13":"shipping-taxable","14":"purchasable","15":"product-type-simple"},"jetpack_sharing_enabled":true,"_links":{"self":[{"href":"https:\/\/zeitzeugen-versand.de\/en\/wp-json\/wp\/v2\/product\/617","targetHints":{"allow":["GET"]}}],"collection":[{"href":"https:\/\/zeitzeugen-versand.de\/en\/wp-json\/wp\/v2\/product"}],"about":[{"href":"https:\/\/zeitzeugen-versand.de\/en\/wp-json\/wp\/v2\/types\/product"}],"wp:featuredmedia":[{"embeddable":true,"href":"https:\/\/zeitzeugen-versand.de\/en\/wp-json\/wp\/v2\/media\/618"}],"wp:attachment":[{"href":"https:\/\/zeitzeugen-versand.de\/en\/wp-json\/wp\/v2\/media?parent=617"}],"wp:term":[{"taxonomy":"product_brand","embeddable":true,"href":"https:\/\/zeitzeugen-versand.de\/en\/wp-json\/wp\/v2\/product_brand?post=617"},{"taxonomy":"product_cat","embeddable":true,"href":"https:\/\/zeitzeugen-versand.de\/en\/wp-json\/wp\/v2\/product_cat?post=617"},{"taxonomy":"product_tag","embeddable":true,"href":"https:\/\/zeitzeugen-versand.de\/en\/wp-json\/wp\/v2\/product_tag?post=617"}],"curies":[{"name":"wp","href":"https:\/\/api.w.org\/{rel}","templated":true}]}}