{"id":61,"date":"2022-06-20T16:14:42","date_gmt":"2022-06-20T14:14:42","guid":{"rendered":"https:\/\/karstwehr-versand.de\/?post_type=product&#038;p=61"},"modified":"2024-11-11T09:36:51","modified_gmt":"2024-11-11T08:36:51","slug":"als-pionier-bei-der-16-ss-division-reichsfuehrer","status":"publish","type":"product","link":"https:\/\/zeitzeugen-versand.de\/en\/product\/als-pionier-bei-der-16-ss-division-reichsfuehrer\/","title":{"rendered":"Als Pionier bei der 16. SS Division &#8222;Reichsf\u00fchrer&#8220;"},"content":{"rendered":"<div id=\"tab-description\" class=\"woocommerce-Tabs-panel woocommerce-Tabs-panel--description panel entry-content wc-tab active\" role=\"tabpanel\" aria-labelledby=\"tab-title-description\">\n<p style=\"text-align: center;\"><strong>++ Aktuell leider ausverkauft &#8211; Neuauflage kommt 2025 ++<\/strong><\/p>\n<p style=\"text-align: center;\"><strong>As a pioneer with the 16th SS Division \"Reichsf\u00fchrer SS\".<\/strong><\/p>\n<p style=\"text-align: center;\"><strong>A former SS leader recalls his youth<\/strong><\/p>\n<p style=\"text-align: center;\">Dr. Fritz Gei\u00dfd\u00f6rfer, written down by Adrian Matthes<\/p>\n<p style=\"text-align: center;\">At the age of 98, Dr. Fritz Gei\u00dfd\u00f6rfer can look back on a long and eventful life. As a young man, he himself took on leadership positions in the Jungvolk. At 17, he volunteered for the Waffen SS and was promoted to Untersturmf\u00fchrer in record time. In 1944, he was finally sent to the front in Italy as a platoon leader. There he experienced the fighting around Pisa and the retreat through northern Italy with the \"Reichsf\u00fchrer SS\" division. Badly wounded, he returned home and spent the last months of the war in Dresden. On May 8, he narrowly escaped the Red Army, went into hiding and began an adventurous flight through Germany that lasted almost three years.<\/p>\n<p style=\"text-align: center;\">This authentic eyewitness account provides an insight into a division that has been little documented to date. Even though Dr. Gei\u00dfd\u00f6rfer was only in frontline action for a relatively short time, he has exciting experiences to tell you about. These include the use of the leaning tower of Pisa as a fire control center or the use of the \"Stuka on foot\" rockets.<\/p>\n<p style=\"text-align: center;\">144 Seiten, mit zahlreichen teils fabrigen Abbildungen aus Privatbesitz, Dokumenten, Faksimiles, Festeinband, gebunden.<\/p>\n<p style=\"text-align: center;\">Sprache: Deutsch<\/p>\n<p style=\"text-align: center;\">Language: German<\/p>\n<p>&nbsp;<\/p>\n<p>&nbsp;<\/p>\n<p style=\"text-align: center;\">\n<\/div>","protected":false},"excerpt":{"rendered":"<p>++ Aktuell leider ausverkauft &#8211; Neuauflage kommt 2025 ++ Als Pionier bei der 16. SS Division &#8222;Reichsf\u00fchrer SS&#8220; Ein ehemaliger SS-F\u00fchrer erinnert sich an seine Jugend Dr.Fritz Gei\u00dfd\u00f6rfer, aufgeschrieben von Adrian Matthes Mit 98 Jahren kann Dr. Fritz Gei\u00dfd\u00f6rfer auf ein langes, bewegtes Leben zur\u00fcckblicken. Bereits als Jugendlicher \u00fcbernahm er selbst F\u00fchrungspositionen im Jungvolk. Mit [&hellip;]<\/p>","protected":false},"featured_media":172,"template":"","meta":{"_coblocks_attr":"","_coblocks_dimensions":"","_coblocks_responsive_height":"","_coblocks_accordion_ie_support":""},"product_brand":[],"product_cat":[17],"product_tag":[],"class_list":{"0":"post-61","1":"product","2":"type-product","3":"status-publish","4":"has-post-thumbnail","6":"product_cat-erlebnisberichte","7":"product_shipping_class-normales-produkt","8":"post-item","10":"first","11":"outofstock","12":"taxable","13":"shipping-taxable","14":"purchasable","15":"product-type-simple"},"jetpack_sharing_enabled":true,"_links":{"self":[{"href":"https:\/\/zeitzeugen-versand.de\/en\/wp-json\/wp\/v2\/product\/61","targetHints":{"allow":["GET"]}}],"collection":[{"href":"https:\/\/zeitzeugen-versand.de\/en\/wp-json\/wp\/v2\/product"}],"about":[{"href":"https:\/\/zeitzeugen-versand.de\/en\/wp-json\/wp\/v2\/types\/product"}],"wp:featuredmedia":[{"embeddable":true,"href":"https:\/\/zeitzeugen-versand.de\/en\/wp-json\/wp\/v2\/media\/172"}],"wp:attachment":[{"href":"https:\/\/zeitzeugen-versand.de\/en\/wp-json\/wp\/v2\/media?parent=61"}],"wp:term":[{"taxonomy":"product_brand","embeddable":true,"href":"https:\/\/zeitzeugen-versand.de\/en\/wp-json\/wp\/v2\/product_brand?post=61"},{"taxonomy":"product_cat","embeddable":true,"href":"https:\/\/zeitzeugen-versand.de\/en\/wp-json\/wp\/v2\/product_cat?post=61"},{"taxonomy":"product_tag","embeddable":true,"href":"https:\/\/zeitzeugen-versand.de\/en\/wp-json\/wp\/v2\/product_tag?post=61"}],"curies":[{"name":"wp","href":"https:\/\/api.w.org\/{rel}","templated":true}]}}