{"id":5760,"date":"2025-06-24T00:03:40","date_gmt":"2025-06-23T22:03:40","guid":{"rendered":"https:\/\/zeitzeugen-versand.de\/?post_type=product&#038;p=5760"},"modified":"2025-08-05T19:17:35","modified_gmt":"2025-08-05T17:17:35","slug":"vom-fernaufklaerer-ueber-eismeer-und-nordsee-zum-jet-piloten","status":"publish","type":"product","link":"https:\/\/zeitzeugen-versand.de\/en\/product\/vom-fernaufklaerer-ueber-eismeer-und-nordsee-zum-jet-piloten\/","title":{"rendered":"Vom Fernaufkl\u00e4rer \u00fcber Eismeer und Nordsee zum Jet-Piloten (only in German)"},"content":{"rendered":"<h1 style=\"text-align: center;\"><strong>Vom Fernaufkl\u00e4rer \u00fcber Eismeer und Nordsee zum Jet-Piloten (only in German)<\/strong><\/h1>\n<h2 style=\"text-align: center;\">Fliegen &#8211; mein verwirklichter Traum<\/h2>\n<p style=\"text-align: center;\">Prof. Dr. Ulrich Planck hat in seinen 103 Jahren zwei Leben gelebt. Eines als angesehener Agrarsoziologe und ein zweites als Oberleutnant der Luftwaffe im Zweiten Weltkrieg. 2025, 80 Jahre nach Kriegsende, geh\u00f6rt er zweifelsohne zur letzten Handvoll noch lebender Luftwaffenveteranen mit einer bemerkenswerten fliegerischen Laufbahn.<\/p>\n<p style=\"text-align: center;\">1922 in Stuttgart geboren verfolgte der junge Ulrich Planck schon in Kindheitstagen einen gro\u00dfen Traum: Fliegen! 1939 meldete sich der Pfarrerssohn und Vetter des Physik-Nobelpreistr\u00e4gers Max Planck als Offiziersbewerber zur Luftwaffe und wurde zum Fernaufkl\u00e4rer ausgebildet.\u00a0 Ab 1942 flog er Luftaufkl\u00e4rung \u00fcber dem karelischen Urwald und erlebte die gro\u00dfen Geleitzugschlachten im Eismeer. Bei der Zerschlagung des Konvois PQ17 blieb er \u00fcber Stunden als F\u00fchlungshalter am Geleit und f\u00fchrte die U-Boote heran. Bis an die Grenze der Reichweite seiner Ju 88 drang er tief in den nordrussischen Luftraum ein. Er flog durch das Flakfeuer \u00fcber Murmansk, gegen Archangelsk, beobachtete den Schienenverkehr auf der Murmanbahn oder spionierte eine Polarstation in der Arktis aus. \u00dcber Nordkap, Spitzbergen und dem Wei\u00dfen Meer legte er unter der Mitternachtssonne oder im Schein des Polarlichts zehntausende Kilometer zur\u00fcck, wobei er kriegswichtige Aufkl\u00e4rungsergebnisse lieferte.<\/p>\n<p style=\"text-align: center;\">Ab 1943 \u00fcber Nordsee und Nordatlantik im Einsatz erkundete er alliierte Schiffsliegepl\u00e4tze auf den Orkney-, Shetland- und F\u00e4r\u00f6er-Inseln. Mit der Ju 188 und einem Schiffssuchradar ausgestattet suchte er in der Nordsee nach ersten Indizien einer sich abzeichnenden Invasion. Im Tiefflug schl\u00e4ngelte er sich durch die Ballonsperren in Scapa Flow, ersp\u00e4hte Flugzeugtr\u00e4ger und Schlachtschiffe.<\/p>\n<p style=\"text-align: center;\">Ende 1944 wurde er zur einer neuaufgestellten \u201eNachtaufkl\u00e4rungsstaffel\u201c versetzt und sollte auf der Ju 388 ausgebildet werden. Daraus wurde nichts und wegen seiner Doppelqualifikation als Flugzeugf\u00fchrer und Beobachter wurde er im Winter 1944 auf die Arado 234 umgeschult und wurde einer der ersten Jet-Aufkl\u00e4rer der Luftfahrtgeschichte. Von Rheine aus flog seine Staffel Eins\u00e4tze \u00fcber den Niederlanden, Belgien und England, um die alliierten Nachschubadern aufzudecken, Zieldaten f\u00fcr die Kriegsmarine zu liefern und die Trefferwirkung der V2-Raketen zu beobachten. Oberleutnant Planck flog schlie\u00dflich als vorletzter deutscher Pilot einen erfolgreichen Einsatz \u00fcber England. Der R\u00fcckzug im April 1945 schwemmte ihn anschlie\u00dfend \u00fcber Norddeutschland nach D\u00e4nemark, bis er schlie\u00dflich am 5. Mai mit seinem Jet nach Norwegen ausflog und dort in britische Gefangenschaft geriet. Oberleutnant Planck wurde mehrfach ausgezeichnet, darunter mit der Frontflugspange in Gold und dem Ehrenpokal. Mit seinen Feldpostbriefen und Tageb\u00fcchern wird der Werdegang eines jungen Flugzeugf\u00fchrers und dessen Traum vom Fliegen in einem Weltkrieg nachgezeichnet.<\/p>\n<p style=\"text-align: center;\">440 Seiten, Hardcover, 264 Abbildungen (farbe), darunter zahlreiche unver\u00f6ffentliche Originalfotos und Dokumente.<\/p>\n<p style=\"text-align: center;\">Sprache: Deutsch<\/p>\n<p style=\"text-align: center;\">Language: German<\/p>\n<p style=\"text-align: center;\">Hinweis: Es handelt sich nicht um Faksimile-Unterschriften. Herr Prof. Planck hat sich viel M\u00fche gemacht seinen Lesern eigenh\u00e4ndig zu signieren. Sicherlich die letzte Chance von einem Weltkriegs-Jet-Piloten eine Signatur zu bekommen. Es gibt zwei Autogrammkartenmotive (Collage mit Planck, der Arado 234 und den Orden (Motiv 1) Planck als Leutnant in Uniform (Motiv 2)), die in der Produktgaliere abgebildet sind. Ein Foto von ihm beim Unterschreiben finden Sie ebenfalls in der Produktgalerie. Die Unterschriften k\u00f6nnen voneinander leicht abweichen und entsprechen dem Schriftbild eines 103j\u00e4hrigen. Pers\u00f6nliche Widmungen sind aufgrund der Nachfrage und Logistik nicht m\u00f6glich.<\/p>\n<h4 style=\"text-align: center;\">Daten des milit\u00e4rischen Lebenslaufes von Oberleutnant Planck:<\/h4>\n<p style=\"text-align: left;\">11\/1939 \u2013 1\/1940: 1. Flieger-Ausbildungs-Regiment 11 (Sch\u00f6nwalde)<\/p>\n<p style=\"text-align: left;\">1\/1940 \u2013 7\/1940: Flieger-Ausbildungs-Regiment 53 (Gutenfeld\/Pr.)<\/p>\n<p style=\"text-align: left;\">7\/1940 \u2013 2\/1941: Sch\u00fclerkompanie Flugzeugf\u00fchrerschule C (Neuruppin)<\/p>\n<p style=\"text-align: left;\">2\/1941 \u2013 3\/1941: Blindflugschule (Wien Aspern)<\/p>\n<p style=\"text-align: left;\">5\/1941 \u2013 12\/1941: Aufkl\u00e4rerschule (F) 3 (Gotha, Ludwigslust)<\/p>\n<p style=\"text-align: left;\">1\/1942 \u2013 4\/1942: Erg\u00e4nzungsaufkl\u00e4rungsgruppe Ob. d. L. (D\u00f6beritz)<\/p>\n<p style=\"text-align: left;\">4\/1942 \u2013 5\/1942: 1.\/(F) 22 (Kemi)<\/p>\n<p style=\"text-align: left;\">5\/1942 \u2013 12\/1942: 1.\/(F) 124 (Kirkenes)<\/p>\n<p style=\"text-align: left;\">12\/1942 \u2013 2\/1943: Flugzeugf\u00fchrer-\u00dcberpr\u00fcfungsschule ELF (Briest)<\/p>\n<p style=\"text-align: left;\">2\/1943 \u2013 10\/1943: \u00dcberf\u00fchrungsgeschwader 1 Gruppe Mitte (Dresden)<\/p>\n<p style=\"text-align: left;\">10\/1943 \u2013 10\/1944: 1.\/(F) 120 (Stavanger)<\/p>\n<p style=\"text-align: left;\">10\/1944 \u2013 11\/1944: Nachtaufkl\u00e4rerstaffel Ju 388 (Brieg)<\/p>\n<p style=\"text-align: left;\">11\/1944 \u2013 12\/1944: Kommando Falke 3 (Burg)<\/p>\n<p style=\"text-align: left;\">1\/1945 \u2013 3\/1945: 1.\/(F) 123 (Rheine)<\/p>\n<p style=\"text-align: left;\">3\/1945 \u2013 5\/1945: 1.\/(F) 33 (Wittmundhafen, Schleswig, Grove)<\/p>\n<p>&nbsp;<\/p>\n<h4 style=\"text-align: center;\">Orden und Ehrenzeichen<\/h4>\n<p style=\"text-align: left;\">15.7.1940 Flugzeugf\u00fchrerabzeichen<\/p>\n<p style=\"text-align: left;\">11.7.1942 Frontflugspange f\u00fcr Aufkl\u00e4rer in Bronze<\/p>\n<p style=\"text-align: left;\">24.7.1942 Eisernes Kreuz II. Klasse<\/p>\n<p style=\"text-align: left;\">2.10.1942 Eisernes Kreuz I. Klasse<\/p>\n<p style=\"text-align: left;\">21.10.1942 Flugzeugf\u00fchrer- u. Beobachterabzeichen<\/p>\n<p style=\"text-align: left;\">22.12.1942 Frontflugspange f\u00fcr Aufkl\u00e4rer in Silber<\/p>\n<p style=\"text-align: left;\">24.5.1944 Frontflugspange f\u00fcr Aufkl\u00e4rer in Gold<\/p>\n<p style=\"text-align: left;\">15.7.1944 Ehrenpokal f\u00fcr besondere Leistungen im Luftkrieg<\/p>\n<p style=\"text-align: left;\">15.7.1945 Lapplandschild<\/p>\n<p style=\"text-align: left;\">","protected":false},"excerpt":{"rendered":"<p>Vom Fernaufkl\u00e4rer \u00fcber Eismeer und Nordsee zum Jet-Piloten Fliegen &#8211; mein verwirklichter Traum Prof. Dr. Ulrich Planck hat in seinen 103 Jahren zwei Leben gelebt. Eines als angesehener Agrarsoziologe und ein zweites als Oberleutnant der Luftwaffe im Zweiten Weltkrieg. 2025, 80 Jahre nach Kriegsende, geh\u00f6rt er zweifelsohne zur letzten Handvoll noch lebender Luftwaffenveteranen mit einer [&hellip;]<\/p>","protected":false},"featured_media":5768,"template":"","meta":{"_coblocks_attr":"","_coblocks_dimensions":"","_coblocks_responsive_height":"","_coblocks_accordion_ie_support":""},"product_brand":[],"product_cat":[17],"product_tag":[],"class_list":{"0":"post-5760","1":"product","2":"type-product","3":"status-publish","4":"has-post-thumbnail","6":"product_cat-erlebnisberichte","7":"post-item","9":"first","10":"instock","11":"taxable","12":"shipping-taxable","13":"purchasable","14":"product-type-variable"},"jetpack_sharing_enabled":true,"_links":{"self":[{"href":"https:\/\/zeitzeugen-versand.de\/en\/wp-json\/wp\/v2\/product\/5760","targetHints":{"allow":["GET"]}}],"collection":[{"href":"https:\/\/zeitzeugen-versand.de\/en\/wp-json\/wp\/v2\/product"}],"about":[{"href":"https:\/\/zeitzeugen-versand.de\/en\/wp-json\/wp\/v2\/types\/product"}],"wp:featuredmedia":[{"embeddable":true,"href":"https:\/\/zeitzeugen-versand.de\/en\/wp-json\/wp\/v2\/media\/5768"}],"wp:attachment":[{"href":"https:\/\/zeitzeugen-versand.de\/en\/wp-json\/wp\/v2\/media?parent=5760"}],"wp:term":[{"taxonomy":"product_brand","embeddable":true,"href":"https:\/\/zeitzeugen-versand.de\/en\/wp-json\/wp\/v2\/product_brand?post=5760"},{"taxonomy":"product_cat","embeddable":true,"href":"https:\/\/zeitzeugen-versand.de\/en\/wp-json\/wp\/v2\/product_cat?post=5760"},{"taxonomy":"product_tag","embeddable":true,"href":"https:\/\/zeitzeugen-versand.de\/en\/wp-json\/wp\/v2\/product_tag?post=5760"}],"curies":[{"name":"wp","href":"https:\/\/api.w.org\/{rel}","templated":true}]}}