{"id":5010,"date":"2025-05-01T06:07:09","date_gmt":"2025-05-01T04:07:09","guid":{"rendered":"https:\/\/zeitzeugen-versand.de\/?post_type=product&#038;p=5010"},"modified":"2026-01-23T16:54:27","modified_gmt":"2026-01-23T15:54:27","slug":"mit-dem-kleinst-u-boot-biber-im-nordmeer-2","status":"publish","type":"product","link":"https:\/\/zeitzeugen-versand.de\/en\/product\/mit-dem-kleinst-u-boot-biber-im-nordmeer-2\/","title":{"rendered":"Mit dem Kleinst-U-Boot \u201eBiber\u201c im Nordmeer (only in German)"},"content":{"rendered":"<hr \/>\n<p style=\"text-align: center;\"><strong>Mit dem Kleinst-U-Boot \u201eBiber\u201c im Nordmeer<\/strong><\/p>\n<p style=\"text-align: center;\"><strong>Vom Schweren Kreuzer \u201ePrinz Eugen\u201c zu den Kleinkampfverb\u00e4nden<\/strong><\/p>\n<p style=\"text-align: center;\">Leutnant z. See Helmut K\u00fchne<\/p>\n<p style=\"text-align: center;\">bearbeitet von Adrian Matthes<\/p>\n<p style=\"text-align: center;\">Auf den Skizzenbrettern der Werftingenieure wurden im letzten Kriegsjahr noch eine Vielzahl zum Teil futuristisch und verwegen anmutende Kleinkampfmittel entworfen. Der inzwischen 100j\u00e4hrige Helmut K\u00fchne ist der letzte \u201eBiberfahrer\u201c, der \u00fcber die Schnellausbildung auf dem Kleinst-U-Boot berichten kann. In der erdr\u00fcckenden Enge im Inneren des \u201eBibers\u201c war er in einer Atmosph\u00e4re aus Batteriegasen, Benzind\u00e4mpfen und Sauerstoffmangel zugleich Kommandant, Steuermann und Leitender Ingenieur. 1924 in Dresden geboren meldete er sich von der Marine-HJ zur Kriegsmarine und gelangte nach der Ausbildungszeit auf dem Schweren Kreuzer \u201ePrinz Eugen\u201c zu den Kleinkampfverb\u00e4nden. Auf der Insel Engel\u00f8ya im Nordmeer wartete seine Flottille vergeblich auf eine alliierte Landung und geriet schlie\u00dflich bei Narvik in britische Kriegsgefangenschaft. Nach einer Odyssee, die ihn durch verschiedene Gefangenenlager und in den Minenr\u00e4umdienst f\u00fchrte, fand er schlie\u00dflich in der sowjetischen Zone seine in Dresden ausgebombte Familie wieder und meisterte den Neuanfang.<\/p>\n<p style=\"text-align: center;\">160 Seiten, 118 teils farbige Abbildungen, A5, Hardcover, gebunden.<\/p>","protected":false},"excerpt":{"rendered":"<p>Mit dem Kleinst-U-Boot \u201eBiber\u201c im Nordmeer Vom Schweren Kreuzer \u201ePrinz Eugen\u201c zu den Kleinkampfverb\u00e4nden Leutnant z. See Helmut K\u00fchne bearbeitet von Adrian Matthes Auf den Skizzenbrettern der Werftingenieure wurden im letzten Kriegsjahr noch eine Vielzahl zum Teil futuristisch und verwegen anmutende Kleinkampfmittel entworfen. Der inzwischen 100j\u00e4hrige Helmut K\u00fchne ist der letzte \u201eBiberfahrer\u201c, der \u00fcber die [&hellip;]<\/p>","protected":false},"featured_media":5006,"template":"","meta":{"_coblocks_attr":"","_coblocks_dimensions":"","_coblocks_responsive_height":"","_coblocks_accordion_ie_support":""},"product_brand":[],"product_cat":[17],"product_tag":[],"class_list":{"0":"post-5010","1":"product","2":"type-product","3":"status-publish","4":"has-post-thumbnail","6":"product_cat-erlebnisberichte","7":"post-item","9":"first","10":"instock","11":"taxable","12":"shipping-taxable","13":"purchasable","14":"product-type-variable"},"jetpack_sharing_enabled":true,"_links":{"self":[{"href":"https:\/\/zeitzeugen-versand.de\/en\/wp-json\/wp\/v2\/product\/5010","targetHints":{"allow":["GET"]}}],"collection":[{"href":"https:\/\/zeitzeugen-versand.de\/en\/wp-json\/wp\/v2\/product"}],"about":[{"href":"https:\/\/zeitzeugen-versand.de\/en\/wp-json\/wp\/v2\/types\/product"}],"wp:featuredmedia":[{"embeddable":true,"href":"https:\/\/zeitzeugen-versand.de\/en\/wp-json\/wp\/v2\/media\/5006"}],"wp:attachment":[{"href":"https:\/\/zeitzeugen-versand.de\/en\/wp-json\/wp\/v2\/media?parent=5010"}],"wp:term":[{"taxonomy":"product_brand","embeddable":true,"href":"https:\/\/zeitzeugen-versand.de\/en\/wp-json\/wp\/v2\/product_brand?post=5010"},{"taxonomy":"product_cat","embeddable":true,"href":"https:\/\/zeitzeugen-versand.de\/en\/wp-json\/wp\/v2\/product_cat?post=5010"},{"taxonomy":"product_tag","embeddable":true,"href":"https:\/\/zeitzeugen-versand.de\/en\/wp-json\/wp\/v2\/product_tag?post=5010"}],"curies":[{"name":"wp","href":"https:\/\/api.w.org\/{rel}","templated":true}]}}