{"id":4450,"date":"2025-02-21T21:21:36","date_gmt":"2025-02-21T20:21:36","guid":{"rendered":"https:\/\/zeitzeugen-versand.de\/?post_type=product&#038;p=4450"},"modified":"2025-07-07T22:45:05","modified_gmt":"2025-07-07T20:45:05","slug":"vom-segelflieger-zum-raketenjaeger","status":"publish","type":"product","link":"https:\/\/zeitzeugen-versand.de\/en\/product\/vom-segelflieger-zum-raketenjaeger\/","title":{"rendered":"Vom Segelflieger zum Raketenj\u00e4ger (only in German)"},"content":{"rendered":"<p style=\"text-align: center;\"><strong>Vom Segelflieger zum Raketenj\u00e4ger (only in German)<\/strong><\/p>\n<p style=\"text-align: center;\">Helmut Gottwald<\/p>\n<p style=\"text-align: center;\">aufgeschrieben von<\/p>\n<p style=\"text-align: center;\">Adrian Matthes<\/p>\n<p style=\"text-align: center;\">Fliegen war der gro\u00dfe Traum des jungen Helmut Gottwald aus dem Sudetenland. Nach ersten Segelflugerfahrungen in der Flieger-HJ folgte ab 1943 die Flugzeugf\u00fchrerlaufbahn. Als junger Flugsch\u00fcler meldete er sich zu einem Sonderkommando und gelangte \u00fcber die \u201eGruppe K III\u201c schlie\u00dflich in das mit der Me 163 ausger\u00fcstete JG 400. \u201eKomet\u201c oder \u201eKraftei\u201c hatte man das raketengetriebene Flugger\u00e4t getauft. Schlie\u00dflich wurde er in das JG 26 \u201eSchlageter\u201c kommandiert, in dem er die Wirren der letzten Kriegstage im Gro\u00dfraum Berlin erlebte und \u00fcber Norddeutschland noch bis in den Mai 1945 gegen den Feind flog.<\/p>\n<p style=\"text-align: center;\">Hardcover, Farbe, 140 Seiten, 75 Abbildungen<\/p>\n<p style=\"text-align: center;\">This book is in German only!<\/p>","protected":false},"excerpt":{"rendered":"<p>Vom Segelflieger zum Raketenj\u00e4ger Helmut Gottwald aufgeschrieben von Adrian Matthes Fliegen war der gro\u00dfe Traum des jungen Helmut Gottwald aus dem Sudetenland. Nach ersten Segelflugerfahrungen in der Flieger-HJ folgte ab 1943 die Flugzeugf\u00fchrerlaufbahn. Als junger Flugsch\u00fcler meldete er sich zu einem Sonderkommando und gelangte \u00fcber die \u201eGruppe K III\u201c schlie\u00dflich in das mit der Me [&hellip;]<\/p>","protected":false},"featured_media":4453,"template":"","meta":{"_coblocks_attr":"","_coblocks_dimensions":"","_coblocks_responsive_height":"","_coblocks_accordion_ie_support":""},"product_brand":[],"product_cat":[17],"product_tag":[],"class_list":{"0":"post-4450","1":"product","2":"type-product","3":"status-publish","4":"has-post-thumbnail","6":"product_cat-erlebnisberichte","7":"post-item","9":"first","10":"instock","11":"taxable","12":"shipping-taxable","13":"purchasable","14":"product-type-simple"},"jetpack_sharing_enabled":true,"_links":{"self":[{"href":"https:\/\/zeitzeugen-versand.de\/en\/wp-json\/wp\/v2\/product\/4450","targetHints":{"allow":["GET"]}}],"collection":[{"href":"https:\/\/zeitzeugen-versand.de\/en\/wp-json\/wp\/v2\/product"}],"about":[{"href":"https:\/\/zeitzeugen-versand.de\/en\/wp-json\/wp\/v2\/types\/product"}],"wp:featuredmedia":[{"embeddable":true,"href":"https:\/\/zeitzeugen-versand.de\/en\/wp-json\/wp\/v2\/media\/4453"}],"wp:attachment":[{"href":"https:\/\/zeitzeugen-versand.de\/en\/wp-json\/wp\/v2\/media?parent=4450"}],"wp:term":[{"taxonomy":"product_brand","embeddable":true,"href":"https:\/\/zeitzeugen-versand.de\/en\/wp-json\/wp\/v2\/product_brand?post=4450"},{"taxonomy":"product_cat","embeddable":true,"href":"https:\/\/zeitzeugen-versand.de\/en\/wp-json\/wp\/v2\/product_cat?post=4450"},{"taxonomy":"product_tag","embeddable":true,"href":"https:\/\/zeitzeugen-versand.de\/en\/wp-json\/wp\/v2\/product_tag?post=4450"}],"curies":[{"name":"wp","href":"https:\/\/api.w.org\/{rel}","templated":true}]}}