{"id":3443,"date":"2024-11-30T18:14:29","date_gmt":"2024-11-30T17:14:29","guid":{"rendered":"https:\/\/zeitzeugen-versand.de\/?post_type=product&#038;p=3443"},"modified":"2025-12-10T12:42:08","modified_gmt":"2025-12-10T11:42:08","slug":"mit-general-v-pannwitz-im-bandenkampf","status":"publish","type":"product","link":"https:\/\/zeitzeugen-versand.de\/en\/product\/mit-general-v-pannwitz-im-bandenkampf\/","title":{"rendered":"Mit General v. Pannwitz im Bandenkampf (only in German)"},"content":{"rendered":"<h2 style=\"text-align: center;\"><strong>Mit General v. Pannwitz im Bandenkampf (only in German)<br \/>\n<\/strong><\/h2>\n<h3 style=\"text-align: center;\">Im Kessel von Stalingrad und auf dem Balkan<\/h3>\n<p style=\"text-align: center;\">Dr. Herbert Michner, bearbeitet von Adrian Matthes<\/p>\n<p style=\"text-align: left;\">Vier Jahre diente der Klagenfurter Herbert Michner zu Pferde in der Wehrmacht und f\u00fchrte dar\u00fcber Tagebuch. Im 103. Lebensjahr blickt er zur\u00fcck auf seine Jugend und Milit\u00e4rzeit, welche ihn vom Kavallerie Regiment Nr. 11 in Stockerau bis nach Russland f\u00fchrte. Dort nahm er 1942 am Vorsto\u00df in den Donbogen teil, der f\u00fcr ihn im Kessel von Stalingrad endete, aus dem er verwundet ausgeflogen wurde. Die folgenden Kriegsjahre sahen ihn bei der Bandenbek\u00e4mpfung in der 1. Kosaken Division auf dem Balkan. Als Ordonnanzoffizier in der Plastun-Brigade &#8222;Kononow&#8220; erlebte er im Mai 1945 die Kapitulation in K\u00e4rnten.<\/p>\n<p style=\"text-align: center;\">294 Seiten, 197 teils farbige Abbildungen, A5, Hardcover, gebunden.<\/p>\n<p style=\"text-align: center;\">Sprache: Deutsch<\/p>\n<p style=\"text-align: center;\">Language: German<\/p>\n<p>Hinweis: Es handelt sich nicht um Faksimile-Unterschriften. Herr Dr. Michner hat sich viel M\u00fche gemacht seinen Lesern Autogrammkarten eigenh\u00e4ndig zu signieren. Sicherlich die letzte Chance von einem Oberleutnant und Tr\u00e4ger des Bandekampfabzeichens eine Signatur zu bekommen. Ein Foto von ihm beim Unterschreiben finden Sie in der Produktgalerie. Es gibt zwei Autogrammkartenmotive (Michner als Leutnant in Uniform, Potraitbild (Motiv 1) Collage mit Michner und den Orden (Motiv 2)), die in der Produktgaliere abgebildet sind.\u00a0 Die Unterschriften k\u00f6nnen voneinander leicht abweichen und entsprechen dem Schriftbild eines 103j\u00e4hrigen. Pers\u00f6nliche Widmungen sind aufgrund der Nachfrage und Logistik nicht m\u00f6glich.<\/p>","protected":false},"excerpt":{"rendered":"<p>Mit General v. Pannwitz im Bandenkampf Im Kessel von Stalingrad und auf dem Balkan Dr. Herbert Michner, bearbeitet von Adrian Matthes Vier Jahre diente der Klagenfurter Herbert Michner zu Pferde in der Wehrmacht und f\u00fchrte dar\u00fcber Tagebuch. Im 103. Lebensjahr blickt er zur\u00fcck auf seine Jugend und Milit\u00e4rzeit, welche ihn vom Kavallerie Regiment Nr. 11 [&hellip;]<\/p>","protected":false},"featured_media":3445,"template":"","meta":{"_coblocks_attr":"","_coblocks_dimensions":"","_coblocks_responsive_height":"","_coblocks_accordion_ie_support":""},"product_brand":[],"product_cat":[17],"product_tag":[],"class_list":{"0":"post-3443","1":"product","2":"type-product","3":"status-publish","4":"has-post-thumbnail","6":"product_cat-erlebnisberichte","7":"post-item","9":"first","10":"instock","11":"taxable","12":"shipping-taxable","13":"purchasable","14":"product-type-variable"},"jetpack_sharing_enabled":true,"_links":{"self":[{"href":"https:\/\/zeitzeugen-versand.de\/en\/wp-json\/wp\/v2\/product\/3443","targetHints":{"allow":["GET"]}}],"collection":[{"href":"https:\/\/zeitzeugen-versand.de\/en\/wp-json\/wp\/v2\/product"}],"about":[{"href":"https:\/\/zeitzeugen-versand.de\/en\/wp-json\/wp\/v2\/types\/product"}],"wp:featuredmedia":[{"embeddable":true,"href":"https:\/\/zeitzeugen-versand.de\/en\/wp-json\/wp\/v2\/media\/3445"}],"wp:attachment":[{"href":"https:\/\/zeitzeugen-versand.de\/en\/wp-json\/wp\/v2\/media?parent=3443"}],"wp:term":[{"taxonomy":"product_brand","embeddable":true,"href":"https:\/\/zeitzeugen-versand.de\/en\/wp-json\/wp\/v2\/product_brand?post=3443"},{"taxonomy":"product_cat","embeddable":true,"href":"https:\/\/zeitzeugen-versand.de\/en\/wp-json\/wp\/v2\/product_cat?post=3443"},{"taxonomy":"product_tag","embeddable":true,"href":"https:\/\/zeitzeugen-versand.de\/en\/wp-json\/wp\/v2\/product_tag?post=3443"}],"curies":[{"name":"wp","href":"https:\/\/api.w.org\/{rel}","templated":true}]}}