{"id":2549,"date":"2024-05-23T22:30:00","date_gmt":"2024-05-23T20:30:00","guid":{"rendered":"https:\/\/zeitzeugen-versand.de\/?post_type=product&#038;p=2549"},"modified":"2024-06-27T23:13:29","modified_gmt":"2024-06-27T21:13:29","slug":"budapest-ostroma-egy-kitelepitett-szemely-elettoertenete","status":"publish","type":"product","link":"https:\/\/zeitzeugen-versand.de\/en\/product\/budapest-ostroma-egy-kitelepitett-szemely-elettoertenete\/","title":{"rendered":"Budapest ostroma &#8211; Egy kitelep\u00edtett szem\u00e9ly \u00e9lett\u00f6rt\u00e9nete"},"content":{"rendered":"<p style=\"text-align: center;\"><strong>Budapest ostroma<\/strong><\/p>\n<p style=\"text-align: center;\"><strong>Egy kitelep\u00edtett szem\u00e9ly \u00e9lett\u00f6rt\u00e9nete<\/strong><\/p>\n<p style=\"text-align: center;\">Ez a k\u00f6nyv Michael Kretz \u00e9lett\u00f6rt\u00e9net\u00e9t mes\u00e9li el. A 21 \u00e9ves n\u00e9met sz\u00e1rmaz\u00e1s\u00fa fiatalembert 1943-ban besorozt\u00e1k a Magyar Kir\u00e1lyi Honv\u00e9ds\u00e9gbe, \u00e9s motoros felder\u00edt\u0151nek k\u00e9pezt\u00e9k ki. Els\u0151 bevet\u00e9se Rom\u00e1ni\u00e1ban \u00e9rte, majd \u00e1t\u00e9lte a visszavonul\u00e1st Magyarorsz\u00e1gra. 1944 kar\u00e1csony est\u00e9j\u00e9n t\u00f6bb t\u00edzezer bajt\u00e1rs\u00e1val egy\u00fctt a k\u00f6r\u00fclvett Budapesten ragadt a k\u00f6vetkez\u0151 k\u00e9t h\u00f3napban. Miut\u00e1n megsz\u00f6k\u00f6tt a fogs\u00e1gb\u00f3l, el\u0151sz\u00f6r bujk\u00e1lt, v\u00e9g\u00fcl csal\u00e1dj\u00e1val egy\u00fctt kitelep\u00edtett\u00e9k Magyarorsz\u00e1gr\u00f3l. A n\u00e9metorsz\u00e1gi Mosbachban kezd\u0151d\u00f6tt \u00faj \u00e9let sz\u00e1m\u00e1ra, de r\u00e9gi otthon\u00e1t sosem felejtette el.<\/p>\n<p style=\"text-align: center;\">++ Ez a k\u00f6nyv magyarul van! ++<\/p>","protected":false},"excerpt":{"rendered":"<p>Budapest ostroma Egy kitelep\u00edtett szem\u00e9ly \u00e9lett\u00f6rt\u00e9nete Ez a k\u00f6nyv Michael Kretz \u00e9lett\u00f6rt\u00e9net\u00e9t mes\u00e9li el. A 21 \u00e9ves n\u00e9met sz\u00e1rmaz\u00e1s\u00fa fiatalembert 1943-ban besorozt\u00e1k a Magyar Kir\u00e1lyi Honv\u00e9ds\u00e9gbe, \u00e9s motoros felder\u00edt\u0151nek k\u00e9pezt\u00e9k ki. Els\u0151 bevet\u00e9se Rom\u00e1ni\u00e1ban \u00e9rte, majd \u00e1t\u00e9lte a visszavonul\u00e1st Magyarorsz\u00e1gra. 1944 kar\u00e1csony est\u00e9j\u00e9n t\u00f6bb t\u00edzezer bajt\u00e1rs\u00e1val egy\u00fctt a k\u00f6r\u00fclvett Budapesten ragadt a k\u00f6vetkez\u0151 k\u00e9t h\u00f3napban. [&hellip;]<\/p>","protected":false},"featured_media":2550,"template":"","meta":{"_coblocks_attr":"","_coblocks_dimensions":"","_coblocks_responsive_height":"","_coblocks_accordion_ie_support":""},"product_brand":[],"product_cat":[104],"product_tag":[],"class_list":{"0":"post-2549","1":"product","2":"type-product","3":"status-publish","4":"has-post-thumbnail","6":"product_cat-erlebnisberichte-ungarische-uebersetzungen","7":"post-item","9":"first","10":"instock","11":"taxable","12":"shipping-taxable","13":"purchasable","14":"product-type-variable"},"jetpack_sharing_enabled":true,"_links":{"self":[{"href":"https:\/\/zeitzeugen-versand.de\/en\/wp-json\/wp\/v2\/product\/2549","targetHints":{"allow":["GET"]}}],"collection":[{"href":"https:\/\/zeitzeugen-versand.de\/en\/wp-json\/wp\/v2\/product"}],"about":[{"href":"https:\/\/zeitzeugen-versand.de\/en\/wp-json\/wp\/v2\/types\/product"}],"wp:featuredmedia":[{"embeddable":true,"href":"https:\/\/zeitzeugen-versand.de\/en\/wp-json\/wp\/v2\/media\/2550"}],"wp:attachment":[{"href":"https:\/\/zeitzeugen-versand.de\/en\/wp-json\/wp\/v2\/media?parent=2549"}],"wp:term":[{"taxonomy":"product_brand","embeddable":true,"href":"https:\/\/zeitzeugen-versand.de\/en\/wp-json\/wp\/v2\/product_brand?post=2549"},{"taxonomy":"product_cat","embeddable":true,"href":"https:\/\/zeitzeugen-versand.de\/en\/wp-json\/wp\/v2\/product_cat?post=2549"},{"taxonomy":"product_tag","embeddable":true,"href":"https:\/\/zeitzeugen-versand.de\/en\/wp-json\/wp\/v2\/product_tag?post=2549"}],"curies":[{"name":"wp","href":"https:\/\/api.w.org\/{rel}","templated":true}]}}