{"id":23,"date":"2022-06-07T15:36:35","date_gmt":"2022-06-07T13:36:35","guid":{"rendered":"https:\/\/karstwehr-versand.de\/?post_type=product&#038;p=23"},"modified":"2025-11-22T18:51:56","modified_gmt":"2025-11-22T17:51:56","slug":"als-untersturmfuehrer-bei-den-ss-pionieren-dr-gerhard-femppel","status":"publish","type":"product","link":"https:\/\/zeitzeugen-versand.de\/en\/product\/als-untersturmfuehrer-bei-den-ss-pionieren-dr-gerhard-femppel\/","title":{"rendered":"Als Untersturmf\u00fchrer bei den SS-Pionieren (only in German)"},"content":{"rendered":"<p style=\"text-align: center;\"><strong>Als Untersturmf\u00fchrer bei den SS-Pionieren (only in German)<\/strong><\/p>\n<p style=\"text-align: center;\"><strong>Mit der Division &#8222;Das Reich&#8220; im Fronteinsatz<\/strong><\/p>\n<p style=\"text-align: center;\">Dr. Gerhard Femppel, aufgeschrieben von Adrian Matthes<\/p>\n<p style=\"text-align: center;\">Der heute 97-j\u00e4hrige Dr. Gerhard Femppel hat sich bereiterkl\u00e4rt, \u00fcber seine Dienstzeit als SS-Offizier vor \u00fcber 78 Jahren zu berichten. Auf 220 Seiten wurden seine Erinnerungen\u00a0 niedergeschrieben und sollen so der Nachwelt erhalten bleiben. Gerhard Femppel, 1925 in Stuttgart geboren, stammte aus einfachen Verh\u00e4ltnissen. Schon in jungen Jahren strebte er eine Karriere an und wurde auf Grund seiner guten Leistungen in einer NAPOLA-Schule aufgenommen. Mit 16 meldete er sich freiwillig zur Waffen-SS und stieg in Rekordzeit bis zum SS-Untersturmf\u00fchrer auf. Ab Dezember 1944 wurde er bei der SS-Panzerdivision &#8222;Das Reich&#8220; als Zugf\u00fchrer und sp\u00e4ter als Kompanief\u00fchrer eingesetzt. Als Pionier k\u00e4mpfte er gemeinsam im Verbund mit den SS-Regimentern &#8222;Der F\u00fchrer&#8220; und &#8222;Deutschland&#8220; an der Ost- und Westfront. Zun\u00e4chst in der Ardennenoffensive, sp\u00e4ter in Ungarn und in der Schlacht um Wien am Feind, erlebte er die Kriegsschaupl\u00e4tze des letzten Kriegsjahres. W\u00e4hrend seiner Dienstzeit wurde er neben dem Eisernen Kreuz Erster Klasse auch mit der Nahkampfspange, dem \u201ePanzerknacker\u201c Streifen, sowie dem Allgemeinen Sturmabzeichen ausgezeichnet.<\/p>\n<p style=\"text-align: center;\">244 Seiten, 169 Abbildungen, gebunden, A5.<\/p>\n<p style=\"text-align: center;\">Sprache: Deutsch<\/p>\n<p style=\"text-align: center;\">Language: German<\/p>\n<p style=\"text-align: center;\">Hinweis: Das Motiv der Autogrammkarte finden Sie in der Produktgalerie als &#8222;Motiv 2&#8220;.<\/p>","protected":false},"excerpt":{"rendered":"<p>Als Untersturmf\u00fchrer bei den SS-Pionieren Mit der Division &#8222;Das Reich&#8220; im Fronteinsatz Dr. Gerhard Femppel, aufgeschrieben von Adrian Matthes Der heute 97-j\u00e4hrige Dr. Gerhard Femppel hat sich bereiterkl\u00e4rt, \u00fcber seine Dienstzeit als SS-Offizier vor \u00fcber 78 Jahren zu berichten. Auf 220 Seiten wurden seine Erinnerungen\u00a0 niedergeschrieben und sollen so der Nachwelt erhalten bleiben. Gerhard Femppel, [&hellip;]<\/p>","protected":false},"featured_media":1725,"template":"","meta":{"_coblocks_attr":"","_coblocks_dimensions":"","_coblocks_responsive_height":"","_coblocks_accordion_ie_support":""},"product_brand":[],"product_cat":[17],"product_tag":[],"class_list":{"0":"post-23","1":"product","2":"type-product","3":"status-publish","4":"has-post-thumbnail","6":"product_cat-erlebnisberichte","7":"product_shipping_class-normales-produkt","8":"post-item","10":"first","11":"instock","12":"taxable","13":"shipping-taxable","14":"purchasable","15":"product-type-variable"},"jetpack_sharing_enabled":true,"_links":{"self":[{"href":"https:\/\/zeitzeugen-versand.de\/en\/wp-json\/wp\/v2\/product\/23","targetHints":{"allow":["GET"]}}],"collection":[{"href":"https:\/\/zeitzeugen-versand.de\/en\/wp-json\/wp\/v2\/product"}],"about":[{"href":"https:\/\/zeitzeugen-versand.de\/en\/wp-json\/wp\/v2\/types\/product"}],"wp:featuredmedia":[{"embeddable":true,"href":"https:\/\/zeitzeugen-versand.de\/en\/wp-json\/wp\/v2\/media\/1725"}],"wp:attachment":[{"href":"https:\/\/zeitzeugen-versand.de\/en\/wp-json\/wp\/v2\/media?parent=23"}],"wp:term":[{"taxonomy":"product_brand","embeddable":true,"href":"https:\/\/zeitzeugen-versand.de\/en\/wp-json\/wp\/v2\/product_brand?post=23"},{"taxonomy":"product_cat","embeddable":true,"href":"https:\/\/zeitzeugen-versand.de\/en\/wp-json\/wp\/v2\/product_cat?post=23"},{"taxonomy":"product_tag","embeddable":true,"href":"https:\/\/zeitzeugen-versand.de\/en\/wp-json\/wp\/v2\/product_tag?post=23"}],"curies":[{"name":"wp","href":"https:\/\/api.w.org\/{rel}","templated":true}]}}