{"id":1998,"date":"2024-02-25T22:07:16","date_gmt":"2024-02-25T21:07:16","guid":{"rendered":"https:\/\/zeitzeugen-versand.de\/?post_type=product&#038;p=1998"},"modified":"2026-04-16T13:28:17","modified_gmt":"2026-04-16T11:28:17","slug":"rommels-letzter-panzerkommandant","status":"publish","type":"product","link":"https:\/\/zeitzeugen-versand.de\/en\/product\/rommels-letzter-panzerkommandant\/","title":{"rendered":"Rommels letzter Panzerkommandant (only in German)"},"content":{"rendered":"<p style=\"text-align: center;\"><strong>Rommels letzter Panzerkommandant (only in German)<\/strong><\/p>\n<p style=\"text-align: center;\"><strong>R\u00fcckblick mit 101: Von El Alamein bis Monte Cassino<\/strong><\/p>\n<p style=\"text-align: center;\">Hans Eckstein, aufgeschrieben von Adrian Matthes<\/p>\n<p style=\"text-align: center;\">Zwei Jahre lebte Hans Eckstein in einer Welt aus Stahl, Stein und Sand<em>.<\/em> Er hat alle gro\u00dfen Schlachten des Afrikafeldzuges von Anfang an miterlebt und dabei die Entwicklung der deutschen Panzerwaffe vom Panzer I bis zum Panzer IV als Kommandant, Ladesch\u00fctze und Funker nachvollziehen k\u00f6nnen. 2025 ist er \u2013 mittlerweile 103j\u00e4hrig \u2013 gewiss der letzte Zeitzeuge, der auf einen solchen milit\u00e4rischen Werdegang zur\u00fcckblicken kann. Er geh\u00f6rt zu den wenigen Afrikak\u00e4mpfern der ersten Stunde, die der Gefangenschaft bei der Kapitulation in Tunesien entgingen. Die weiteren Kriegsjahre sahen Eckstein in Sardinien, Korsika und Italien, zuletzt als Kommandant eines Sturmgesch\u00fctzes.<\/p>\n<p style=\"text-align: center;\">184 Seiten, Hardcover, 146 Abbildungen (farbe), darunter zahlreiche unver\u00f6ffentliche Originalfotos und Dokumente.<\/p>\n<p style=\"text-align: center;\">Sprache: Deutsch<\/p>\n<p style=\"text-align: center;\">Language: German<\/p>","protected":false},"excerpt":{"rendered":"<p>Rommels letzter Panzerkommandant R\u00fcckblick mit 101: Von El Alamein bis Monte Cassino Hans Eckstein, aufgeschrieben von Adrian Matthes Zwei Jahre lebte Hans Eckstein in einer Welt aus Stahl, Stein und Sand. Er hat alle gro\u00dfen Schlachten des Afrikafeldzuges von Anfang an miterlebt und dabei die Entwicklung der deutschen Panzerwaffe vom Panzer I bis zum Panzer [&hellip;]<\/p>","protected":false},"featured_media":1999,"template":"","meta":{"_coblocks_attr":"","_coblocks_dimensions":"","_coblocks_responsive_height":"","_coblocks_accordion_ie_support":""},"product_brand":[],"product_cat":[17],"product_tag":[],"class_list":{"0":"post-1998","1":"product","2":"type-product","3":"status-publish","4":"has-post-thumbnail","6":"product_cat-erlebnisberichte","7":"post-item","9":"first","10":"instock","11":"taxable","12":"shipping-taxable","13":"purchasable","14":"product-type-simple"},"jetpack_sharing_enabled":true,"_links":{"self":[{"href":"https:\/\/zeitzeugen-versand.de\/en\/wp-json\/wp\/v2\/product\/1998","targetHints":{"allow":["GET"]}}],"collection":[{"href":"https:\/\/zeitzeugen-versand.de\/en\/wp-json\/wp\/v2\/product"}],"about":[{"href":"https:\/\/zeitzeugen-versand.de\/en\/wp-json\/wp\/v2\/types\/product"}],"wp:featuredmedia":[{"embeddable":true,"href":"https:\/\/zeitzeugen-versand.de\/en\/wp-json\/wp\/v2\/media\/1999"}],"wp:attachment":[{"href":"https:\/\/zeitzeugen-versand.de\/en\/wp-json\/wp\/v2\/media?parent=1998"}],"wp:term":[{"taxonomy":"product_brand","embeddable":true,"href":"https:\/\/zeitzeugen-versand.de\/en\/wp-json\/wp\/v2\/product_brand?post=1998"},{"taxonomy":"product_cat","embeddable":true,"href":"https:\/\/zeitzeugen-versand.de\/en\/wp-json\/wp\/v2\/product_cat?post=1998"},{"taxonomy":"product_tag","embeddable":true,"href":"https:\/\/zeitzeugen-versand.de\/en\/wp-json\/wp\/v2\/product_tag?post=1998"}],"curies":[{"name":"wp","href":"https:\/\/api.w.org\/{rel}","templated":true}]}}