{"id":18,"date":"2022-06-07T15:26:17","date_gmt":"2022-06-07T13:26:17","guid":{"rendered":"https:\/\/karstwehr-versand.de\/?post_type=product&#038;p=18"},"modified":"2024-06-23T20:43:52","modified_gmt":"2024-06-23T18:43:52","slug":"stoertrupp-im-einsatz","status":"publish","type":"product","link":"https:\/\/zeitzeugen-versand.de\/en\/product\/stoertrupp-im-einsatz\/","title":{"rendered":"St\u00f6rtrupp im Einsatz (only in German)"},"content":{"rendered":"<h2 style=\"text-align: center;\"><strong>St\u00f6rtrupp im Einsatz (only in German)<\/strong><\/h2>\n<h3 style=\"text-align: center;\">Kriegserebnisse eines Nachrichtensoldaten<\/h3>\n<p style=\"text-align: center;\">Erhard St\u00e4dler, bearbeitet von Adrian Matthes<\/p>\n<p style=\"text-align: center;\">Erhard St\u00e4dler, ein Feinmechanikerlehrling aus Mittelfranken, wurde im Alter von 18 Jahren zur Nachrichtentruppe der Wehrmacht einberufen. Nach der Ausbildung in Frankreich kam er Ende 1942 an die Ostfront. Seine Feuertaufe erlebte er in der Kesselschlacht um Demjansk, sp\u00e4ter wurde er im Ring um Leningrad eingesetzt. Es folgte nach den K\u00e4mpfen am Peipussee der R\u00fcckzug durch Estland und Lettland. Der Feldkabelbau geh\u00f6rte zu den gef\u00e4hrlichsten Aufgaben im Zweiten Weltkrieg und unter allen Bedingungen, auch unter Beschuss, mussten die Telefonkabel zwischen den Stellungen verlegt werden. Immer im Niemandsland zwischen den Fronten unterwegs erlebte er zahlreiche brenzlige Situationen und Nahk\u00e4mpfe. Bei Kriegsende konnte er unerkannt untertauchen und wagte eine abenteuerliche Flucht aus dem Kurlandkessel. Nach seiner Verhaftung folgte die Deportation nach Russland und nach einem weiteren Fluchtversuch wurde er verurteilt. Erst 1953 konnte er die Heimat wiedersehen. \u00dcber 10 Jahre seines Lebens hat Erhard St\u00e4dler durch den Krieg verloren.<\/p>\n<p style=\"text-align: center;\">244 Seiten, 24 Abbildungen, A5, Hardcover<\/p>","protected":false},"excerpt":{"rendered":"<p>St\u00f6rtrupp im Einsatz Kriegserebnisse eines Nachrichtensoldaten Erhard St\u00e4dler, bearbeitet von Adrian Matthes Erhard St\u00e4dler, ein Feinmechanikerlehrling aus Mittelfranken, wurde im Alter von 18 Jahren zur Nachrichtentruppe der Wehrmacht einberufen. Nach der Ausbildung in Frankreich kam er Ende 1942 an die Ostfront. Seine Feuertaufe erlebte er in der Kesselschlacht um Demjansk, sp\u00e4ter wurde er im Ring [&hellip;]<\/p>","protected":false},"featured_media":2651,"template":"","meta":{"_coblocks_attr":"","_coblocks_dimensions":"","_coblocks_responsive_height":"","_coblocks_accordion_ie_support":""},"product_brand":[],"product_cat":[17],"product_tag":[],"class_list":{"0":"post-18","1":"product","2":"type-product","3":"status-publish","4":"has-post-thumbnail","6":"product_cat-erlebnisberichte","7":"product_shipping_class-normales-produkt","8":"post-item","10":"first","11":"instock","12":"taxable","13":"shipping-taxable","14":"purchasable","15":"product-type-simple"},"jetpack_sharing_enabled":true,"_links":{"self":[{"href":"https:\/\/zeitzeugen-versand.de\/en\/wp-json\/wp\/v2\/product\/18","targetHints":{"allow":["GET"]}}],"collection":[{"href":"https:\/\/zeitzeugen-versand.de\/en\/wp-json\/wp\/v2\/product"}],"about":[{"href":"https:\/\/zeitzeugen-versand.de\/en\/wp-json\/wp\/v2\/types\/product"}],"wp:featuredmedia":[{"embeddable":true,"href":"https:\/\/zeitzeugen-versand.de\/en\/wp-json\/wp\/v2\/media\/2651"}],"wp:attachment":[{"href":"https:\/\/zeitzeugen-versand.de\/en\/wp-json\/wp\/v2\/media?parent=18"}],"wp:term":[{"taxonomy":"product_brand","embeddable":true,"href":"https:\/\/zeitzeugen-versand.de\/en\/wp-json\/wp\/v2\/product_brand?post=18"},{"taxonomy":"product_cat","embeddable":true,"href":"https:\/\/zeitzeugen-versand.de\/en\/wp-json\/wp\/v2\/product_cat?post=18"},{"taxonomy":"product_tag","embeddable":true,"href":"https:\/\/zeitzeugen-versand.de\/en\/wp-json\/wp\/v2\/product_tag?post=18"}],"curies":[{"name":"wp","href":"https:\/\/api.w.org\/{rel}","templated":true}]}}