{"id":1723,"date":"2024-01-11T23:04:33","date_gmt":"2024-01-11T22:04:33","guid":{"rendered":"https:\/\/karstwehr-versand.de\/?post_type=product&#038;p=1723"},"modified":"2024-04-09T19:35:55","modified_gmt":"2024-04-09T17:35:55","slug":"fliegerschicksale-im-landkreis-nuernberger-land-1918-1949","status":"publish","type":"product","link":"https:\/\/zeitzeugen-versand.de\/en\/product\/fliegerschicksale-im-landkreis-nuernberger-land-1918-1949\/","title":{"rendered":"Fliegerschicksale im Landkreis N\u00fcrnberger Land 1918-1949"},"content":{"rendered":"<p style=\"text-align: center;\"><strong>Fliegerschicksale im Landkreis N\u00fcrnberger Land<\/strong><\/p>\n<p style=\"text-align: center;\">Adrian Matthes<\/p>\n<p style=\"text-align: center;\">Mit \u201eFliegerhang\u201c oder \u201eFliegerloch\u201c bezeichnet insbesondere die \u00e4ltere Bev\u00f6lkerung bis heute die Aufschlagsstellen abgest\u00fcrzter Flugzeuge im Gel\u00e4nde \u2013 Flurbezeichnungen im Volksmund, hinter denen sich oft Schicksale des Luftkrieges verbergen. \u00dcber 40 Flugzeuge fielen zwischen 1918 und 1949 \u00fcber dem Landkreis N\u00fcrnberger Land vom Himmel. In ihnen sa\u00dfen Flieger aus \u00fcber zehn Nationen. In zahllosen Luftk\u00e4mpfen traten unter anderem Deutsche, Briten, Australier und D\u00e4nen im Luftraum gegeneinander an \u2013 ein bislang weitgehend unerforschtes Kapitel unserer Heimatgeschichte. Dank der Aussagen der letzten Zeitzeugen, intensiver Literatur- und Archivrecherche sowie einigen engagierten Sondeng\u00e4ngern lie\u00dfen sich dutzende Fliegerschicksale noch detailreich rekonstruieren und Fundstellen dokumentieren. Dieses Buch beschreibt die Lebensl\u00e4ufe der Piloten und ordnet die an Absturzstellen gefundenen Tr\u00fcmmerteile anhand von technischen Zeichnung zu.<\/p>\n<p style=\"text-align: center;\">200 Seiten, mit zahlreichen teils fabrigen Abbildungen aus Privatbesitz, Dokumenten, Faksimiles, Festeinband, gebunden<\/p>\n<p style=\"text-align: center;\">Sprache: Deutsch<\/p>\n<p style=\"text-align: center;\">Language: German<\/p>","protected":false},"excerpt":{"rendered":"<p>Fliegerschicksale im Landkreis N\u00fcrnberger Land Adrian Matthes Mit \u201eFliegerhang\u201c oder \u201eFliegerloch\u201c bezeichnet insbesondere die \u00e4ltere Bev\u00f6lkerung bis heute die Aufschlagsstellen abgest\u00fcrzter Flugzeuge im Gel\u00e4nde \u2013 Flurbezeichnungen im Volksmund, hinter denen sich oft Schicksale des Luftkrieges verbergen. \u00dcber 40 Flugzeuge fielen zwischen 1918 und 1949 \u00fcber dem Landkreis N\u00fcrnberger Land vom Himmel. In ihnen sa\u00dfen Flieger [&hellip;]<\/p>","protected":false},"featured_media":1724,"template":"","meta":{"_coblocks_attr":"","_coblocks_dimensions":"","_coblocks_responsive_height":"","_coblocks_accordion_ie_support":""},"product_brand":[],"product_cat":[102],"product_tag":[],"class_list":{"0":"post-1723","1":"product","2":"type-product","3":"status-publish","4":"has-post-thumbnail","6":"product_cat-fachbuecher","7":"post-item","9":"first","10":"instock","11":"taxable","12":"shipping-taxable","13":"purchasable","14":"product-type-simple"},"jetpack_sharing_enabled":true,"_links":{"self":[{"href":"https:\/\/zeitzeugen-versand.de\/en\/wp-json\/wp\/v2\/product\/1723","targetHints":{"allow":["GET"]}}],"collection":[{"href":"https:\/\/zeitzeugen-versand.de\/en\/wp-json\/wp\/v2\/product"}],"about":[{"href":"https:\/\/zeitzeugen-versand.de\/en\/wp-json\/wp\/v2\/types\/product"}],"wp:featuredmedia":[{"embeddable":true,"href":"https:\/\/zeitzeugen-versand.de\/en\/wp-json\/wp\/v2\/media\/1724"}],"wp:attachment":[{"href":"https:\/\/zeitzeugen-versand.de\/en\/wp-json\/wp\/v2\/media?parent=1723"}],"wp:term":[{"taxonomy":"product_brand","embeddable":true,"href":"https:\/\/zeitzeugen-versand.de\/en\/wp-json\/wp\/v2\/product_brand?post=1723"},{"taxonomy":"product_cat","embeddable":true,"href":"https:\/\/zeitzeugen-versand.de\/en\/wp-json\/wp\/v2\/product_cat?post=1723"},{"taxonomy":"product_tag","embeddable":true,"href":"https:\/\/zeitzeugen-versand.de\/en\/wp-json\/wp\/v2\/product_tag?post=1723"}],"curies":[{"name":"wp","href":"https:\/\/api.w.org\/{rel}","templated":true}]}}