{"id":133,"date":"2022-10-27T00:46:50","date_gmt":"2022-10-26T22:46:50","guid":{"rendered":"https:\/\/karstwehr-versand.de\/?post_type=product&#038;p=133"},"modified":"2024-04-09T19:56:52","modified_gmt":"2024-04-09T17:56:52","slug":"von-karelien-bis-paraguay-herbert-bellschan-von-mildenburg","status":"publish","type":"product","link":"https:\/\/zeitzeugen-versand.de\/en\/product\/von-karelien-bis-paraguay-herbert-bellschan-von-mildenburg\/","title":{"rendered":"Von Karelien bis Paraguay (only in German)"},"content":{"rendered":"<h2 style=\"text-align: center;\"><strong>Von Karelien bis Paraguay (only in German)<\/strong><\/h2>\n<h3 style=\"text-align: center;\">Herbert Bellschan von Mildenburg<\/h3>\n<p style=\"text-align: center;\">1924 in Klagenfurt geboren schloss sich Herbert w\u00e4hrend der Schulzeit dem Wandervogel an, aus welchem sich in den 30er Jahren die illegale Hitlerjugend K\u00e4rnten formierte. Im Untergrund warben die 10\u201314-j\u00e4hrigen f\u00fcr einen Anschluss \u00d6sterreichs an das Deutsche Reich. Als Anerkennung dieser Verdienste ehrte der F\u00fchrer den Verband mit einem Besuch. Die pers\u00f6nliche Begegnung mit Adolf Hitler wurde f\u00fcr Herbert zum pr\u00e4genden Ereignis. In den folgenden Jahren organisierte er ma\u00dfgeblich den Aufbau der Hitlerjugend in Klagenfurt und stieg bis zum Stammf\u00fchrer auf. Mit 17 Jahren meldete er sich freiwillig zur Waffen-SS und wurde zum Gebirgsj\u00e4ger ausgebildet. Seinen Fronteinsatz erlebte er ab dem Winter 1942 mit der 6. SS-Division \u201eNord\u201c in Karelien. Auf Skiern und im Schein des Polarlichts fuhr sein Jagdkommando bis weit hinter die russischen Linien. Nach zwei arktischen Wintern wurde Herbert auf die Junkerschule abkommandiert und verblieb schlie\u00dflich in Bad T\u00f6lz als j\u00fcngster Lehroffizier einer Junkerschule. Nach Kriegsende floh er aus dem KL Hallein, begann mit falscher Identit\u00e4t ein Studium in Wien und wurde vom amerikanischen Geheimdienst verhaftet. 1947 endlich in Freiheit wanderte er aus. Er fischte nach Langusten im Atlantik, sch\u00fcrfte nach Erzen in der Sahara, suchte nach Gold in Australien und lie\u00df sich schlie\u00dflich als Rancher in Paraguay nieder.<\/p>\n<p style=\"text-align: center;\">231 Seiten, 86 teils farbige Abbildungen, A5, Hardcover<\/p>\n<p style=\"text-align: center;\">Sprache: Deutsch<\/p>\n<p style=\"text-align: center;\">Language: German<\/p>","protected":false},"excerpt":{"rendered":"<p>Von Karelien bis Paraguay Herbert Bellschan von Mildenburg 1924 in Klagenfurt geboren schloss sich Herbert w\u00e4hrend der Schulzeit dem Wandervogel an, aus welchem sich in den 30er Jahren die illegale Hitlerjugend K\u00e4rnten formierte. Im Untergrund warben die 10\u201314-j\u00e4hrigen f\u00fcr einen Anschluss \u00d6sterreichs an das Deutsche Reich. Als Anerkennung dieser Verdienste ehrte der F\u00fchrer den Verband [&hellip;]<\/p>","protected":false},"featured_media":187,"template":"","meta":{"_coblocks_attr":"","_coblocks_dimensions":"","_coblocks_responsive_height":"","_coblocks_accordion_ie_support":""},"product_brand":[],"product_cat":[17],"product_tag":[],"class_list":{"0":"post-133","1":"product","2":"type-product","3":"status-publish","4":"has-post-thumbnail","6":"product_cat-erlebnisberichte","7":"product_shipping_class-normales-produkt","8":"post-item","10":"first","11":"instock","12":"taxable","13":"shipping-taxable","14":"purchasable","15":"product-type-simple"},"jetpack_sharing_enabled":true,"_links":{"self":[{"href":"https:\/\/zeitzeugen-versand.de\/en\/wp-json\/wp\/v2\/product\/133","targetHints":{"allow":["GET"]}}],"collection":[{"href":"https:\/\/zeitzeugen-versand.de\/en\/wp-json\/wp\/v2\/product"}],"about":[{"href":"https:\/\/zeitzeugen-versand.de\/en\/wp-json\/wp\/v2\/types\/product"}],"wp:featuredmedia":[{"embeddable":true,"href":"https:\/\/zeitzeugen-versand.de\/en\/wp-json\/wp\/v2\/media\/187"}],"wp:attachment":[{"href":"https:\/\/zeitzeugen-versand.de\/en\/wp-json\/wp\/v2\/media?parent=133"}],"wp:term":[{"taxonomy":"product_brand","embeddable":true,"href":"https:\/\/zeitzeugen-versand.de\/en\/wp-json\/wp\/v2\/product_brand?post=133"},{"taxonomy":"product_cat","embeddable":true,"href":"https:\/\/zeitzeugen-versand.de\/en\/wp-json\/wp\/v2\/product_cat?post=133"},{"taxonomy":"product_tag","embeddable":true,"href":"https:\/\/zeitzeugen-versand.de\/en\/wp-json\/wp\/v2\/product_tag?post=133"}],"curies":[{"name":"wp","href":"https:\/\/api.w.org\/{rel}","templated":true}]}}