{"id":13,"date":"2022-06-06T13:50:38","date_gmt":"2022-06-06T11:50:38","guid":{"rendered":"http:\/\/karstwehr-versand.de\/?post_type=product&#038;p=13"},"modified":"2025-07-19T11:52:23","modified_gmt":"2025-07-19T09:52:23","slug":"walter-lewandowski-von-den-meereskaempfern","status":"publish","type":"product","link":"https:\/\/zeitzeugen-versand.de\/en\/product\/walter-lewandowski-von-den-meereskaempfern\/","title":{"rendered":"Von den Meeresk\u00e4mpfern (only in German)"},"content":{"rendered":"<p style=\"text-align: center;\"><strong>Von den Meeresk\u00e4mpfern (only in German)<\/strong><\/p>\n<p style=\"text-align: center;\"><strong>Ein Tr\u00e4ger des Deutschen Kreuzes erinnert sich<\/strong><\/p>\n<p style=\"text-align: center;\">Walter Lewandowski, aufgeschrieben von Adrian Matthes<\/p>\n<p style=\"text-align: center;\">Im Greisenalter erinnert sich ein Niederschlesier an jene Zeit zur\u00fcck, als er nach einer fliegerischen Ausbildung in einem Sonderkommando der Kriegsmarine an S\u00fcd- und Ostfront eingesetzt wurde. Im Schutze der Dunkelheit schwamm er im Mittelmeer und der Oder Sabotageeins\u00e4tze gegen Schiffe und Br\u00fccken. Walter Lewandowski erlebte eine der wohl au\u00dfergew\u00f6hnlichsten Ausbildungen in den deutschen Streitkr\u00e4ften, wurde mehrfach ausgezeichnet und berichtet detailreich von seinem Werdegang im \u201eLehrkommando 700\u201c und der \u201eEinsatzgruppe Keller\u201c. Als Schlesier spricht er auch \u00fcber seine alte Heimat und die Suche nach der Familie nach dem Krieg. Walter Lewandowski wurde mit dem Deutschen Kreuz in Gold, dem Eisernen Kreuz 1. und 2. Klasse, sowie dem Fallschirmsch\u00fctzenabzeichen, dem Segelfliegerabzeichen und dem Bew\u00e4hrungsabzeichen der Kleinkampfmittel 3. Stufe ausgezeichnet.<\/p>\n<p style=\"text-align: center;\">A5, Hardcover, 216 Seiten mit 178 teils farbigen Abbildungen<\/p>\n<p style=\"text-align: center;\">Sprache: Deutsch<\/p>\n<p style=\"text-align: center;\">Language: German<\/p>","protected":false},"excerpt":{"rendered":"<p>Von den Meeresk\u00e4mpfern Ein Tr\u00e4ger des Deutschen Kreuzes erinnert sich Walter Lewandowski, aufgeschrieben von Adrian Matthes Im Greisenalter erinnert sich ein Niederschlesier an jene Zeit zur\u00fcck, als er nach einer fliegerischen Ausbildung in einem Sonderkommando der Kriegsmarine an S\u00fcd- und Ostfront eingesetzt wurde. Im Schutze der Dunkelheit schwamm er im Mittelmeer und der Oder Sabotageeins\u00e4tze [&hellip;]<\/p>","protected":false},"featured_media":1200,"template":"","meta":{"_coblocks_attr":"","_coblocks_dimensions":"","_coblocks_responsive_height":"","_coblocks_accordion_ie_support":""},"product_brand":[],"product_cat":[17],"product_tag":[],"class_list":{"0":"post-13","1":"product","2":"type-product","3":"status-publish","4":"has-post-thumbnail","6":"product_cat-erlebnisberichte","7":"product_shipping_class-normales-produkt","8":"post-item","10":"first","11":"instock","12":"taxable","13":"shipping-taxable","14":"purchasable","15":"product-type-simple"},"jetpack_sharing_enabled":true,"_links":{"self":[{"href":"https:\/\/zeitzeugen-versand.de\/en\/wp-json\/wp\/v2\/product\/13","targetHints":{"allow":["GET"]}}],"collection":[{"href":"https:\/\/zeitzeugen-versand.de\/en\/wp-json\/wp\/v2\/product"}],"about":[{"href":"https:\/\/zeitzeugen-versand.de\/en\/wp-json\/wp\/v2\/types\/product"}],"wp:featuredmedia":[{"embeddable":true,"href":"https:\/\/zeitzeugen-versand.de\/en\/wp-json\/wp\/v2\/media\/1200"}],"wp:attachment":[{"href":"https:\/\/zeitzeugen-versand.de\/en\/wp-json\/wp\/v2\/media?parent=13"}],"wp:term":[{"taxonomy":"product_brand","embeddable":true,"href":"https:\/\/zeitzeugen-versand.de\/en\/wp-json\/wp\/v2\/product_brand?post=13"},{"taxonomy":"product_cat","embeddable":true,"href":"https:\/\/zeitzeugen-versand.de\/en\/wp-json\/wp\/v2\/product_cat?post=13"},{"taxonomy":"product_tag","embeddable":true,"href":"https:\/\/zeitzeugen-versand.de\/en\/wp-json\/wp\/v2\/product_tag?post=13"}],"curies":[{"name":"wp","href":"https:\/\/api.w.org\/{rel}","templated":true}]}}