{"id":348,"date":"2023-01-24T00:53:31","date_gmt":"2023-01-23T23:53:31","guid":{"rendered":"https:\/\/karstwehr-versand.de\/?page_id=348"},"modified":"2026-01-13T16:44:35","modified_gmt":"2026-01-13T15:44:35","slug":"impressum","status":"publish","type":"page","link":"https:\/\/zeitzeugen-versand.de\/en\/impressum\/","title":{"rendered":"Impressum"},"content":{"rendered":"<p>Adrian Matthes<br>Hauptstr. 14<br>97647 Hausen<br><br>Rechtlicher Hinweis:<\/p>\n\n\n\n<p>Alle in diesen Werken auf zeitgen\u00f6ssischen Fotos gezeigten Symbole, die gegebenenfalls gem\u00e4\u00df \u00a786a I STGB strafbar sein k\u00f6nnten, unterfallen der Sozialad\u00e4quanzklausel, da sie der zeitgeschichtlichen Berichterstattung und staatsb\u00fcrgerlichen Aufkl\u00e4rung dienen! Jeder K\u00e4ufer verpflichtet sich beim Kauf dazu, dieses Werk nicht zu Zwecken der Verherrlichung oder sonstigen Propaganda einzusetzen! Die in den B\u00fcchern geschilderten Erlebnisberichte spiegeln nicht die politische Meinung von Adrian Matthes oder dem Verlag wider.<\/p>\n\n\n\n<p><strong>Alternative Streitbeilegung:<\/strong><br>Die Europ\u00e4ische Kommission stellt eine Plattform f\u00fcr die au\u00dfergerichtliche Online-Streitbeilegung (OS-Plattform) bereit, aufrufbar unter&nbsp;<a href=\"https:\/\/ec.europa.eu\/consumers\/odr\" target=\"_blank\" rel=\"noreferrer noopener\">https:\/\/ec.europa.eu\/odr<\/a>.<\/p>\n\n\n\n<p>Sollte der Inhalt oder die Aufmachung dieser Seiten fremde Rechte Dritter oder gesetzliche Bestimmungen verletzen, so bitten wir um eine entsprechende Nachricht ohne Kostennote. Die Beseitigung einer m\u00f6glicherweise von diesen Seiten ausgehenden Schutzrecht-Verletzung durch Schutzrecht-Inhaber\/innen selbst darf nicht ohne unsere Zustimmung stattfinden. Wir garantieren, da\u00df die zu Recht beanstandeten Passagen unverz\u00fcglich entfernt werden, ohne da\u00df von Ihrer Seite die Einschaltung eines Rechtsbeistandes erforderlich ist. Dennoch von Ihnen ohne vorherige Kontaktaufnahme ausgel\u00f6ste Kosten werden wir vollumf\u00e4nglich zur\u00fcckweisen und gegebenenfalls Gegenklage wegen Verletzung vorgenannter Bestimmungen einreichen. Vielen Dank f\u00fcr Ihr Verst\u00e4ndnis.<\/p>\n\n\n\n<p><strong>I. Allgemeine Gesch\u00e4ftsbedingungen<\/strong><\/p>\n\n\n\n<p><strong>\u00a7 1 Grundlegende Bestimmungen<\/strong><\/p>\n\n\n\n<p><strong>(1) <\/strong>Die nachstehenden Gesch\u00e4ftsbedingungen gelten f\u00fcr alle Vertr\u00e4ge, die Sie mit uns als Anbieter (Adrian Matthes) \u00fcber die Internetseite www.karstwehr-versand.de schlie\u00dfen. Soweit nicht anders vereinbart, wird der Einbeziehung gegebenenfalls von Ihnen verwendeter eigener Bedingungen widersprochen.<\/p>\n\n\n\n<p><strong>(2) <\/strong>Verbraucher im Sinne der nachstehenden Regelungen ist jede nat\u00fcrliche Person, die ein Rechtsgesch\u00e4ft zu Zwecken abschlie\u00dft, die \u00fcberwiegend weder ihrer gewerblichen noch ihrer selbst\u00e4ndigen beruflichen T\u00e4tigkeit zugerechnet werden kann. Unternehmer ist jede nat\u00fcrliche oder juristische Person oder eine rechtsf\u00e4hige Personengesellschaft, die bei Abschluss eines Rechtsgesch\u00e4fts in Aus\u00fcbung ihrer selbst\u00e4ndigen beruflichen oder gewerblichen T\u00e4tigkeit handelt.<\/p>\n\n\n\n<p><strong>\u00a7 2 Zustandekommen des Vertrages<\/strong><\/p>\n\n\n\n<p><strong>(1) <\/strong>Gegenstand des Vertrages ist der Verkauf von Waren.<\/p>\n\n\n\n<p>Unsere Angebote im Internet sind unverbindlich und kein verbindliches Angebot zum Abschluss eines Vertrages.<\/p>\n\n\n\n<p><strong>(2) <\/strong>Sie k\u00f6nnen ein verbindliches Kaufangebot (Bestellung) \u00fcber das Online-Warenkorbsystem abgeben.<\/p>\n\n\n\n<p>Dabei werden die zum Kauf beabsichtigten Waren im \u201eWarenkorb&#8220; abgelegt. \u00dcber die entsprechende Schaltfl\u00e4che in der Navigationsleiste k\u00f6nnen Sie den \u201eWarenkorb&#8220; aufrufen und dort jederzeit \u00c4nderungen vornehmen. Nach Aufrufen der Seite \u201eKasse&#8220; und der Eingabe der pers\u00f6nlichen Daten sowie der Zahlungs- und Versandbedingungen werden abschlie\u00dfend nochmals alle Bestelldaten auf der Bestell\u00fcbersichtsseite angezeigt.<\/p>\n\n\n\n<p>Vor Absenden der Bestellung haben Sie die M\u00f6glichkeit, hier s\u00e4mtliche Angaben nochmals zu \u00fcberpr\u00fcfen, zu \u00e4ndern (auch \u00fcber die Funktion \u201ezur\u00fcck&#8220; des Internetbrowsers) bzw. den Kauf abzubrechen.<\/p>\n\n\n\n<p>Mit dem Absenden der Bestellung \u00fcber die Schaltfl\u00e4che &#8222;kaufen&#8220; geben Sie ein verbindliches Angebot bei uns ab.<\/p>\n\n\n\n<p>Sie erhalten zun\u00e4chst eine automatische E-Mail \u00fcber den Eingang Ihrer Bestellung, die noch nicht zum Vertragsschluss f\u00fchrt.<\/p>\n\n\n\n<p><strong>(3) <\/strong>Die Annahme des Angebots (und damit der Vertragsabschluss) erfolgt innerhalb von 2 Tagen durch Best\u00e4tigung in Textform (z.B. E-Mail), in welcher Ihnen die Ausf\u00fchrung der Bestellung oder Auslieferung der Ware best\u00e4tigt wird (Auftragsbest\u00e4tigung).<\/p>\n\n\n\n<p>Sollten Sie keine entsprechende Nachricht erhalten haben, sind Sie nicht mehr an Ihre Bestellung gebunden.<\/p>\n\n\n\n<p>Gegebenenfalls bereits erbrachte Leistungen werden in diesem Fall unverz\u00fcglich zur\u00fcckerstattet.<\/p>\n\n\n\n<p><strong>(4) <\/strong>Die Abwicklung der Bestellung und \u00dcbermittlung aller im Zusammenhang mit dem Vertragsschluss erforderlichen Informationen erfolgt per E-Mail zum Teil automatisiert. Sie haben deshalb sicherzustellen, dass die von Ihnen bei uns hinterlegte E-Mail-Adresse zutreffend ist, der Empfang der E-Mails technisch sichergestellt und insbesondere nicht durch SPAM-Filter verhindert wird.<\/p>\n\n\n\n<p><strong>\u00a7 3 Zur\u00fcckbehaltungsrecht, Eigentumsvorbehalt<\/strong><\/p>\n\n\n\n<p><strong>(1) <\/strong>Ein Zur\u00fcckbehaltungsrecht k\u00f6nnen Sie nur aus\u00fcben, soweit es sich um Forderungen aus demselben Vertragsverh\u00e4ltnis handelt.<\/p>\n\n\n\n<p><strong>(2) <\/strong>Die Ware bleibt bis zur vollst\u00e4ndigen Zahlung des Kaufpreises unser Eigentum.<\/p>\n\n\n\n<p><strong>(3) <\/strong>Sind Sie Unternehmer, gilt erg\u00e4nzend folgendes:<\/p>\n\n\n\n<p><strong>a) <\/strong>Wir behalten uns das Eigentum an der Ware bis zum vollst\u00e4ndigen Ausgleich aller Forderungen aus der laufenden Gesch\u00e4ftsbeziehung vor. Vor \u00dcbergang des Eigentums an der Vorbehaltsware ist eine Verpf\u00e4ndung oder Sicherheits\u00fcbereignung nicht zul\u00e4ssig.<\/p>\n\n\n\n<p><strong>b) <\/strong>Sie k\u00f6nnen die Ware im ordentlichen Gesch\u00e4ftsgang weiterverkaufen. F\u00fcr diesen Fall treten Sie bereits jetzt alle Forderungen in H\u00f6he des Rechnungsbetrages, die Ihnen aus dem Weiterverkauf erwachsen, an uns ab, wir nehmen die Abtretung an. Sie sind weiter zur Einziehung der Forderung erm\u00e4chtigt. Soweit Sie Ihren Zahlungsverpflichtungen nicht ordnungsgem\u00e4\u00df nachkommen, behalten wir uns allerdings vor, die Forderung selbst einzuziehen.<\/p>\n\n\n\n<p><strong>c) <\/strong>Bei Verbindung und Vermischung der Vorbehaltsware erwerben wir Miteigentum an der neuen Sache im Verh\u00e4ltnis des Rechnungswertes der Vorbehaltsware zu den anderen verarbeiteten Gegenst\u00e4nden zum Zeitpunkt der Verarbeitung.<\/p>\n\n\n\n<p><strong>d) <\/strong>Wir verpflichten uns, die uns zustehenden Sicherheiten auf Ihr Verlangen insoweit freizugeben, als der realisierbare Wert unserer Sicherheiten die zu sichernde Forderung um mehr als 10% \u00fcbersteigt. Die Auswahl der freizugebenden Sicherheiten obliegt uns.<\/p>\n\n\n\n<p><strong>\u00a7 4 Gew\u00e4hrleistung<\/strong><\/p>\n\n\n\n<p><strong>(1) <\/strong>Es bestehen die gesetzlichen M\u00e4ngelhaftungsrechte.<\/p>\n\n\n\n<p><strong>(2) <\/strong>Soweit Sie Unternehmer sind, gilt abweichend von Abs.1:<\/p>\n\n\n\n<p><strong>a) <\/strong>Als Beschaffenheit der Ware gelten nur unsere eigenen Angaben und die Produktbeschreibung des Herstellers als vereinbart, nicht jedoch sonstige Werbung, \u00f6ffentliche Anpreisungen und \u00c4u\u00dferungen des Herstellers.<\/p>\n\n\n\n<p><strong>b) <\/strong>Sie sind verpflichtet, die Ware unverz\u00fcglich und mit der gebotenen Sorgfalt auf Qualit\u00e4ts- und Mengenabweichungen zu untersuchen und uns offensichtliche M\u00e4ngel binnen 7 Tagen ab Empfang der Ware schriftlich anzuzeigen, zur Fristwahrung reicht die rechtzeitige Absendung. Dies gilt auch f\u00fcr sp\u00e4ter festgestellte verdeckte M\u00e4ngel ab Entdeckung. Bei Verletzung der Untersuchungs- und R\u00fcgepflicht ist die Geltendmachung der Gew\u00e4hrleistungsanspr\u00fcche ausgeschlossen.<\/p>\n\n\n\n<p><strong>c) <\/strong>Bei M\u00e4ngeln leisten wir nach unserer Wahl Gew\u00e4hr durch Nachbesserung oder Ersatzlieferung. Schl\u00e4gt die Mangelbeseitigung fehl, k\u00f6nnen Sie nach Ihrer Wahl Minderung verlangen oder vom Vertrag zur\u00fccktreten.<\/p>\n\n\n\n<p>Die M\u00e4ngelbeseitigung gilt nach erfolglosem zweiten Versuch als fehlgeschlagen, wenn sich nicht insbesondere aus der Art der Sache oder des Mangels oder den sonstigen Umst\u00e4nden etwas anderes ergibt.<\/p>\n\n\n\n<p>Im Falle der Nachbesserung m\u00fcssen wir nicht die erh\u00f6hten Kosten tragen, die durch die Verbringung der Ware an einen anderen Ort als den Erf\u00fcllungsort entstehen, sofern die Verbringung nicht dem bestimmungsgem\u00e4\u00dfen Gebrauch der Ware entspricht.<\/p>\n\n\n\n<p><strong>d) <\/strong>Die Gew\u00e4hrleistungsfrist betr\u00e4gt ein Jahr ab Ablieferung der Ware. Die verk\u00fcrzte Gew\u00e4hrleistungsfrist gilt nicht f\u00fcr uns zurechenbare schuldhaft verursachte Sch\u00e4den aus der Verletzung des Lebens, des K\u00f6rpers oder der Gesundheit und grob fahrl\u00e4ssig oder vors\u00e4tzlich verursachte Sch\u00e4den bzw. Arglist, sowie bei R\u00fcckgriffsanspr\u00fcchen gem\u00e4\u00df \u00a7\u00a7 478, 479 BGB.<\/p>\n\n\n\n<p><strong>\u00a7 5 Haftung<\/strong><\/p>\n\n\n\n<p><strong>(1<\/strong>) Wir haften jeweils uneingeschr\u00e4nkt f\u00fcr Sch\u00e4den aus der Verletzung des Lebens, des K\u00f6rpers oder der Gesundheit. Weiter haften wir ohne Einschr\u00e4nkung in allen F\u00e4llen des Vorsatzes und grober Fahrl\u00e4ssigkeit, bei arglistigem Verschweigen eines Mangels, bei \u00dcbernahme der Garantie f\u00fcr die Beschaffenheit des Kaufgegenstandes und in allen anderen gesetzlich geregelten F\u00e4llen.<\/p>\n\n\n\n<p><strong>(2) <\/strong>Die Haftung f\u00fcr M\u00e4ngel im Rahmen der gesetzlichen Gew\u00e4hrleistung richtet sich nach der entsprechenden Regelung in unseren Kundeninformationen (Teil II) und Allgemeinen Gesch\u00e4ftsbedingungen (Teil I) .<\/p>\n\n\n\n<p><strong>(3) <\/strong>Sofern wesentliche Vertragspflichten betroffen sind, ist unsere Haftung bei leichter Fahrl\u00e4ssigkeit auf den vertragstypischen, vorhersehbaren Schaden beschr\u00e4nkt. Wesentliche Vertragspflichten sind wesentliche Pflichten, die sich aus der Natur des Vertrages ergeben und deren Verletzung die Erreichung des Vertragszweckes gef\u00e4hrden w\u00fcrde sowie Pflichten, die der Vertrag uns nach seinem Inhalt zur Erreichung des Vertragszwecks auferlegt, deren Erf\u00fcllung die ordnungsgem\u00e4\u00dfe Durchf\u00fchrung des Vertrags \u00fcberhaupt erst m\u00f6glich machen und auf deren Einhaltung Sie regelm\u00e4\u00dfig vertrauen d\u00fcrfen.<\/p>\n\n\n\n<p><strong>(4) <\/strong>Bei der Verletzung unwesentlicher Vertragspflichten ist die Haftung bei leicht fahrl\u00e4ssigen Pflichtverletzungen ausgeschlossen.<\/p>\n\n\n\n<p><strong>(5) <\/strong>Die Datenkommunikation \u00fcber das Internet kann nach dem derzeitigen Stand der Technik nicht fehlerfrei und\/oder jederzeit verf\u00fcgbar gew\u00e4hrleistet werden. Wir haften insoweit weder f\u00fcr die st\u00e4ndige noch ununterbrochene Verf\u00fcgbarkeit der Webseite und der dort angebotenen Dienstleistung.<\/p>\n\n\n\n<p><strong>\u00a7 6 Rechtswahl, Erf\u00fcllungsort, Gerichtsstand<\/strong><\/p>\n\n\n\n<p><strong>(1) <\/strong>Es gilt deutsches Recht. Bei Verbrauchern gilt diese Rechtswahl nur, soweit hierdurch der durch zwingende Bestimmungen des Rechts des Staates des gew\u00f6hnlichen Aufenthaltes des Verbrauchers gew\u00e4hrte Schutz nicht entzogen wird (G\u00fcnstigkeitsprinzip).<\/p>\n\n\n\n<p><strong>(2) <\/strong>Erf\u00fcllungsort f\u00fcr alle Leistungen aus den mit uns bestehenden Gesch\u00e4ftsbeziehungen sowie Gerichtsstand ist unser Sitz, soweit Sie nicht Verbraucher, sondern Kaufmann, juristische Person des \u00f6ffentlichen Rechts oder \u00f6ffentlich-rechtliches Sonderverm\u00f6gen sind. Dasselbe gilt, wenn Sie keinen allgemeinen Gerichtsstand in Deutschland oder der EU haben oder der Wohnsitz oder gew\u00f6hnliche Aufenthalt im Zeitpunkt der Klageerhebung nicht bekannt ist. Die Befugnis, auch das Gericht an einem anderen gesetzlichen Gerichtsstand anzurufen, bleibt hiervon unber\u00fchrt.<\/p>\n\n\n\n<p><strong>(3) <\/strong>Die Bestimmungen des UN-Kaufrechts finden ausdr\u00fccklich keine Anwendung.<\/p>\n\n\n\n<p><strong>II. Kundeninformationen<\/strong><\/p>\n\n\n\n<p><strong>1. Identit\u00e4t des Verk\u00e4ufers<\/strong><\/p>\n\n\n\n<p>Adrian Matthes<\/p>\n\n\n\n<p>Bergweg 14<br>97647 Hausen<\/p>\n\n\n\n<p><br>e-post: Karstwehr-Versand@gmx.de<\/p>\n\n\n\n<p>Die europ\u00e4ische Online-Streitbeilegungsplattform (\u201eOS-Plattform\u201c) wird nach Bereitstellung durch die EU-Kommission \u00fcber das Portal \u201eIhr Europa\u201c (http:\/\/europa.eu\/youreurope\/citizens\/index_de.htm) zug\u00e4nglich sein.<\/p>\n\n\n\n<p><strong>2. Informationen zum Zustandekommen des Vertrages<\/strong><\/p>\n\n\n\n<p>Die technischen Schritte zum Vertragsschluss, der Vertragsschluss selbst und die Korrekturm\u00f6glichkeiten erfolgen nach Ma\u00dfgabe des \u00a7 2 unserer Allgemeinen Gesch\u00e4ftsbedingungen (Teil I.).<\/p>\n\n\n\n<p><strong>3. Vertragssprache, Vertragstextspeicherung<\/strong><\/p>\n\n\n\n<p>3.1. Vertragssprache ist deutsch.<\/p>\n\n\n\n<p>3.2. Der vollst\u00e4ndige Vertragstext wird von uns nicht gespeichert. Vor Absenden der Bestellung \u00fcber das Online &#8211; Warenkorbsystem k\u00f6nnen die Vertragsdaten \u00fcber die Druckfunktion des Browsers ausgedruckt oder elektronisch gesichert werden. Nach Zugang der Bestellung bei uns werden die Bestelldaten, die gesetzlich vorgeschriebenen Informationen bei Fernabsatzvertr\u00e4gen und die Allgemeinen Gesch\u00e4ftsbedingungen nochmals per E-Mail an Sie \u00fcbersandt.<\/p>\n\n\n\n<p><strong>4. Wesentliche Merkmale der Ware oder Dienstleistung<\/strong><\/p>\n\n\n\n<p>Die wesentlichen Merkmale der Ware und\/oder Dienstleistung finden sich in der Artikelbeschreibung und den erg\u00e4nzenden Angaben auf unserer Internetseite.<\/p>\n\n\n\n<p><strong>5. Preise und Zahlungsmodalit\u00e4ten<\/strong><\/p>\n\n\n\n<p>5.1. Die in den jeweiligen Angeboten angef\u00fchrten Preise sowie die Versandkosten stellen Gesamtpreise dar.<\/p>\n\n\n\n<p>Sie beinhalten alle Preisbestandteile einschlie\u00dflich aller anfallenden Steuern.<\/p>\n\n\n\n<p>5.2. Die anfallenden Versandkosten sind nicht im Kaufpreis enthalten. Sie sind \u00fcber eine entsprechend bezeichnete Schaltfl\u00e4che auf unserer Internetpr\u00e4senz oder in der jeweiligen Artikelbeschreibung aufrufbar, werden im Laufe des Bestellvorganges gesondert ausgewiesen und sind von Ihnen zus\u00e4tzlich zu tragen, soweit nicht die versandkostenfreie Lieferung zugesagt ist.<\/p>\n\n\n\n<p>5.3. Die Ihnen zur Verf\u00fcgung stehenden Zahlungsarten sind unter einer entsprechend bezeichneten Schaltfl\u00e4che auf unserer Internetpr\u00e4senz oder in der jeweiligen Artikelbeschreibung ausgewiesen.<\/p>\n\n\n\n<p>5.4. Soweit bei den einzelnen Zahlungsarten nicht anders angegeben, sind die Zahlungsanspr\u00fcche aus dem geschlossenen Vertrag sofort zur Zahlung f\u00e4llig.<\/p>\n\n\n\n<p><strong>6. Lieferbedingungen<\/strong><\/p>\n\n\n\n<p>6.1. Die Lieferbedingungen, der Liefertermin sowie gegebenenfalls bestehende Lieferbeschr\u00e4nkungen finden sich unter einer entsprechend bezeichneten Schaltfl\u00e4che auf unserer Internetpr\u00e4senz oder in der jeweiligen Artikelbeschreibung.<\/p>\n\n\n\n<p>6.2. Soweit Sie Verbraucher sind ist gesetzlich geregelt, dass die Gefahr des zuf\u00e4lligen Untergangs und der zuf\u00e4lligen Verschlechterung der verkauften Sache w\u00e4hrend der Versendung erst mit der \u00dcbergabe der Ware an Sie \u00fcbergeht, unabh\u00e4ngig davon, ob die Versendung versichert oder unversichert erfolgt. Dies gilt nicht, wenn Sie eigenst\u00e4ndig ein nicht vom Unternehmer benanntes Transportunternehmen oder eine sonst zur Ausf\u00fchrung der Versendung bestimmte Person beauftragt haben.<\/p>\n\n\n\n<p>Sind Sie Unternehmer, erfolgt die Lieferung und Versendung auf Ihre Gefahr.<\/p>\n\n\n\n<p><strong>7. Gesetzliches M\u00e4ngelhaftungsrecht<\/strong><\/p>\n\n\n\n<p>7.1. Die M\u00e4ngelhaftung f\u00fcr unsere Waren richtet sich nach der Regelung &#8222;Gew\u00e4hrleistung&#8220; in unseren Allgemeinen Gesch\u00e4ftsbedingungen (Teil I).<\/p>\n\n\n\n<p>7.2. Als Verbraucher werden Sie gebeten, die Ware bei Lieferung umgehend auf Vollst\u00e4ndigkeit, offensichtliche M\u00e4ngel und Transportsch\u00e4den zu \u00fcberpr\u00fcfen und uns sowie dem Spediteur Beanstandungen schnellstm\u00f6glich mitzuteilen. Kommen Sie dem nicht nach, hat dies keine Auswirkung auf Ihre gesetzlichen Gew\u00e4hrleistungsanspr\u00fcche.<\/p>\n\n\n\n<p><strong>Datenschutz<\/strong><\/p>\n\n\n\n<p><strong>1. Verantwortliche Stelle<\/strong><\/p>\n\n\n\n<p>Der f\u00fcr die Daten Verantwortliche des Karstwehr-Buchhandels und dieser Internetpr\u00e4senz ist<\/p>\n\n\n\n<p>Adrian Matthes<br>Bergweg 14<br>97647 Hausen<br><\/p>\n\n\n\n<p><strong>2. Erhobene Daten und Zweck der Datennutzung&nbsp;<\/strong><\/p>\n\n\n\n<p>Wir erheben personenbezogene Daten auf Grundlage einer Einwilligung, zur Erf\u00fcllung eines Vertrages oder zur Erf\u00fcllung einer rechtlichen Verpflichtung. Personenbezogene Daten sind alle Informationen, die sich auf eine identifizierte oder identifizierbare nat\u00fcrliche Person beziehen.<\/p>\n\n\n\n<p>Bei einer Bestellung \u00fcber den Kaufladen unserer Internetseite speichern wir die f\u00fcr die Gesch\u00e4ftsabwicklung ben\u00f6tigten personenbezogenen Daten (Name, Adresse, E-Mailadresse, Zahlungsdaten und Telefonnummer)<\/p>\n\n\n\n<p>Die Verarbeitung dieser personenbezogenen Daten erfolgt gem\u00e4\u00df der Vorgaben aus Art. 6 der Datenschutz-Grundverordnung zur Bearbeitung und Abwicklung der aufgegebenen Bestellung sowie eventueller Serviceanliegen. Wir geben f\u00fcr den Versand der bestellten Ware die Anschrift des Bestellers an Zusteller der Deutschen Post oder andere Paketzusteller weiter. Eine Weitergabe der gespeicherten Daten an Dritte f\u00fcr Werbe- oder andere gewerbliche Zwecke findet nicht statt. Eine automatisierte Entscheidungsfindung einschlie\u00dflich Profilings besteht nicht.<\/p>\n\n\n\n<p>Die Bereitstellung Ihrer Daten ist zur Bearbeitung einer Bestellung erforderlich. Eine Nichtbereitstellung k\u00f6nnte uns daran hindern, Ihre Bestellung auszuf\u00fchren.<\/p>\n\n\n\n<p><strong>3. E-Mail Newsletter<\/strong><\/p>\n\n\n\n<p>Wir bieten an, einen kostenlosen Newsletter zu abonnieren. In unregelm\u00e4\u00dfigen Abst\u00e4nden werden E-Mails mit aktuellen Medlungen und Informationen zu unserem Angebot verschickt.<\/p>\n\n\n\n<p>Mit Angabe einer E-Mail-Adresse, Ausw\u00e4hlen des Hakens f\u00fcr die Einwilligungserkl\u00e4rung und anschlie\u00dfenden Klicken auf den Button &#8222;Anmelden&#8220; wird eingewilligt, da\u00df der Karstwehr Versand vertreten durch Adrian Matthes Bergweg 14 97647 Hausen, diese E-Mail-Adresse f\u00fcr E-Mail-Werbung verwendet. Diese E-Mail-Adresse wird gespeichert und nicht an Dritte weitergegeben.<\/p>\n\n\n\n<p>Um den Newsletter abzubestellen reicht eine formlose Mitteilung an die E-Mail-Adresse <a href=\"mailto:Karstwehr-Versand@gmx.de\">Karstwehr-Versand@gmx.de<\/a> . S\u00e4mtliche bei der Anmeldung f\u00fcr den Newsletter angegeben Daten werden daraufhin umgehend gel\u00f6scht.<\/p>\n\n\n\n<p><strong>4. Werbung per E-Mail nach&nbsp;\u00a7 7 Abs. 3 UWG<\/strong><\/p>\n\n\n\n<p>Wir sind im Rahmen der gesetzlichen Erlaubnis nach \u00a7 7 Abs. 3 UWG berechtigt, die E-Mail-Adresse, die beim Erwerb einer kostenpflichtigen Leistung angegeben wurde, zur Direktwerbung f\u00fcr eigene, \u00e4hnliche Produkte oder Dienstleistungen zu nutzen. Falls keine Werbung zu \u00e4hnlichen Produkten oder Dienstleistungen mehr erw\u00fcnscht ist, kann der entsprechenden Verwendung der E-Mail-Adresse jederzeit widersprochen werden durch formlose Mitteilung an die E-Mail-Adresse <a href=\"mailto:Karstwehr-Versand@gmx.de\">Karstwehr-Versand@gmx.de<\/a><\/p>\n\n\n\n<p><strong>5. Rechte des Kunden<\/strong><\/p>\n\n\n\n<p>Sie haben die folgenden Rechte \u00fcber Ihre bei uns gespeicherten Daten:<\/p>\n\n\n\n<ul class=\"wp-block-list\">\n<li>auf Auskunft<\/li>\n\n\n\n<li>auf Berichtigung<\/li>\n\n\n\n<li>auf L\u00f6schung<\/li>\n\n\n\n<li>auf Einschr\u00e4nkung der Verarbeitung<\/li>\n\n\n\n<li>auf Widerspruch gegen die Verarbeitung<\/li>\n\n\n\n<li>auf Widerspruch des Rechtes auf Daten\u00fcbertragbarkeit<\/li>\n<\/ul>\n\n\n\n<p>Diese AGB und Kundeninformationen wurden von auf IT-Recht spezialisierten Juristen erstellt und werden permanent auf Rechtskonformit\u00e4t gepr\u00fcft.<\/p>\n\n\n<div class=\"woocommerce woocommerce-gzd woocommerce-gzd-complaints-shortcode\">\n\t\t\t<h3>Alternative Dispute Resolution in accordance with Art. 14 (1) ODR-VO and \u00a7 36 VSBG:<\/h3>\n\t\n<p>Die Europ\u00e4ische Kommission stellt eine Plattform zur Online-Streitbeilegung (OS) bereit, die du unter <a href=\"https:\/\/ec.europa.eu\/consumers\/odr\" target=\"_blank\">https:\/\/ec.europa.eu\/consumers\/odr<\/a> findest. Zur Teilnahme an einem Streitbeilegungsverfahren vor einer Verbraucherschlichtungsstelle sind wir nicht verpflichtet und nicht bereit.<\/p>\n<\/div>","protected":false},"excerpt":{"rendered":"<p>Adrian MatthesHauptstr. 1497647 Hausen Rechtlicher Hinweis: Alle in diesen Werken auf zeitgen\u00f6ssischen Fotos gezeigten Symbole, die gegebenenfalls gem\u00e4\u00df \u00a786a I STGB strafbar sein k\u00f6nnten, unterfallen der Sozialad\u00e4quanzklausel, da sie der zeitgeschichtlichen Berichterstattung und staatsb\u00fcrgerlichen Aufkl\u00e4rung dienen! Jeder K\u00e4ufer verpflichtet sich beim Kauf dazu, dieses Werk nicht zu Zwecken der Verherrlichung oder sonstigen Propaganda einzusetzen! Die [&hellip;]<\/p>","protected":false},"author":2,"featured_media":0,"parent":0,"menu_order":0,"comment_status":"closed","ping_status":"closed","template":"","meta":{"_coblocks_attr":"","_coblocks_dimensions":"","_coblocks_responsive_height":"","_coblocks_accordion_ie_support":"","footnotes":""},"class_list":["post-348","page","type-page","status-publish","hentry","post-item"],"jetpack_sharing_enabled":true,"rttpg_featured_image_url":null,"rttpg_author":{"display_name":"Adrian Matthes","author_link":"https:\/\/zeitzeugen-versand.de\/en\/author\/adrian\/"},"rttpg_comment":0,"rttpg_category":null,"rttpg_excerpt":"Adrian MatthesHauptstr. 1497647 Hausen Rechtlicher Hinweis: Alle in diesen Werken auf zeitgen\u00f6ssischen Fotos gezeigten Symbole, die gegebenenfalls gem\u00e4\u00df \u00a786a I STGB strafbar sein k\u00f6nnten, unterfallen der Sozialad\u00e4quanzklausel, da sie der zeitgeschichtlichen Berichterstattung und staatsb\u00fcrgerlichen Aufkl\u00e4rung dienen! Jeder K\u00e4ufer verpflichtet sich beim Kauf dazu, dieses Werk nicht zu Zwecken der Verherrlichung oder sonstigen Propaganda einzusetzen! Die&hellip;","_links":{"self":[{"href":"https:\/\/zeitzeugen-versand.de\/en\/wp-json\/wp\/v2\/pages\/348","targetHints":{"allow":["GET"]}}],"collection":[{"href":"https:\/\/zeitzeugen-versand.de\/en\/wp-json\/wp\/v2\/pages"}],"about":[{"href":"https:\/\/zeitzeugen-versand.de\/en\/wp-json\/wp\/v2\/types\/page"}],"author":[{"embeddable":true,"href":"https:\/\/zeitzeugen-versand.de\/en\/wp-json\/wp\/v2\/users\/2"}],"replies":[{"embeddable":true,"href":"https:\/\/zeitzeugen-versand.de\/en\/wp-json\/wp\/v2\/comments?post=348"}],"version-history":[{"count":5,"href":"https:\/\/zeitzeugen-versand.de\/en\/wp-json\/wp\/v2\/pages\/348\/revisions"}],"predecessor-version":[{"id":8394,"href":"https:\/\/zeitzeugen-versand.de\/en\/wp-json\/wp\/v2\/pages\/348\/revisions\/8394"}],"wp:attachment":[{"href":"https:\/\/zeitzeugen-versand.de\/en\/wp-json\/wp\/v2\/media?parent=348"}],"curies":[{"name":"wp","href":"https:\/\/api.w.org\/{rel}","templated":true}]}}